{"id":1034,"date":"2024-04-24T16:53:39","date_gmt":"2024-04-24T16:53:39","guid":{"rendered":"https:\/\/zamalia-experience.com\/?post_type=product&#038;p=1034"},"modified":"2024-06-18T08:39:23","modified_gmt":"2024-06-18T08:39:23","slug":"full-spectrum-cbd-oil-30-10ml","status":"publish","type":"product","link":"https:\/\/zamalia-experience.com\/fr\/boutique\/extrait-de-cannabis\/full-spectrum-cbd-oil-30-10ml\/","title":{"rendered":"Huile de cbd full spectrum 30% 10ml"},"content":{"rendered":"","protected":false},"excerpt":{"rendered":"<p>Vous recherchez une huile CBD \u00e0 spectre complet de haute qualit\u00e9 ? Vous \u00eates \u00e0 la bonne adresse ! <\/p>\n<p>En utilisant du chanvre biologique cultiv\u00e9 en Europe par des producteurs certifi\u00e9s et gr\u00e2ce \u00e0 une m\u00e9thode d\u2019extraction au CO2 sans solvant haut de gamme, nos sympathiques scientifiques du laboratoire ont con\u00e7u l\u2019une des huiles CBD \u00e0 spectre complet de la plus haute qualit\u00e9 disponible sur le march\u00e9 !<\/p>\n<p>Cette huile est purifi\u00e9e et exempte de chlorophylle et a donc un go\u00fbt tr\u00e8s doux. Notre formule contient \u00e9galement des terp\u00e8nes naturels pour un effet d\u2019entourage maximal !<\/p>\n<p>Maintenant disponible en 5%, 10%, 15%, 20% et 30% de force dans des bouteilles de 10ml et 30ml !<\/p>\n<p>Consultez notre guide <a href=\"\/cbd-dosing-explained\/\">Comment doser votre CBD<\/a><\/p>\n<p>Ce produit est v\u00e9gan et conform\u00e9ment aux lois europ\u00e9ennes il contient une concentration de THC de 0,05 %.<\/p>\n<p>Commencez aujourd\u2019hui !<\/p>\n","protected":false},"featured_media":994,"comment_status":"closed","ping_status":"closed","template":"","meta":{"inline_featured_image":false,"_kad_blocks_custom_css":"","_kad_blocks_head_custom_js":"","_kad_blocks_body_custom_js":"","_kad_blocks_footer_custom_js":"","_price":"119.95","_stock":null,"_tribe_ticket_header":"","_tribe_default_ticket_provider":"","_tribe_ticket_capacity":"0","_ticket_start_date":"","_ticket_end_date":"","_tribe_ticket_show_description":"","_tribe_ticket_show_not_going":false,"_tribe_ticket_use_global_stock":"","_tribe_ticket_global_stock_level":"","_global_stock_mode":"","_global_stock_cap":"","_tribe_rsvp_for_event":"","_tribe_ticket_going_count":"","_tribe_ticket_not_going_count":"","_tribe_tickets_list":"[]","_tribe_ticket_has_attendee_info_fields":false,"_kad_post_transparent":"default","_kad_post_title":"","_kad_post_layout":"default","_kad_post_sidebar_id":"","_kad_post_content_style":"default","_kad_post_vertical_padding":"default","_kad_post_feature":"","_kad_post_feature_position":"","_kad_post_header":false,"_kad_post_footer":false,"_kad_post_classname":""},"product_brand":[],"product_cat":[63],"product_tag":[98],"class_list":{"0":"post-1034","1":"product","2":"type-product","3":"status-publish","4":"has-post-thumbnail","6":"product_cat-extrait-de-cannabis","7":"product_tag-cbd-hhc-droplets-fr","9":"first","10":"instock","11":"taxable","12":"shipping-taxable","13":"purchasable","14":"product-type-simple","15":"entry","16":"content-bg","17":"loop-entry"},"taxonomy_info":{"product_cat":[{"value":63,"label":"Extrait de cannabis"}],"product_tag":[{"value":98,"label":"CBD &amp; HHC Droplets"}]},"featured_image_src_large":["https:\/\/zamalia-experience.com\/wp-content\/uploads\/CBD-drops-30-scaled-1.webp",732,1024,false],"author_info":[],"comment_info":0,"_links":{"self":[{"href":"https:\/\/zamalia-experience.com\/fr\/wp-json\/wp\/v2\/product\/1034","targetHints":{"allow":["GET"]}}],"collection":[{"href":"https:\/\/zamalia-experience.com\/fr\/wp-json\/wp\/v2\/product"}],"about":[{"href":"https:\/\/zamalia-experience.com\/fr\/wp-json\/wp\/v2\/types\/product"}],"replies":[{"embeddable":true,"href":"https:\/\/zamalia-experience.com\/fr\/wp-json\/wp\/v2\/comments?post=1034"}],"wp:featuredmedia":[{"embeddable":true,"href":"https:\/\/zamalia-experience.com\/fr\/wp-json\/wp\/v2\/media\/994"}],"wp:attachment":[{"href":"https:\/\/zamalia-experience.com\/fr\/wp-json\/wp\/v2\/media?parent=1034"}],"wp:term":[{"taxonomy":"product_brand","embeddable":true,"href":"https:\/\/zamalia-experience.com\/fr\/wp-json\/wp\/v2\/product_brand?post=1034"},{"taxonomy":"product_cat","embeddable":true,"href":"https:\/\/zamalia-experience.com\/fr\/wp-json\/wp\/v2\/product_cat?post=1034"},{"taxonomy":"product_tag","embeddable":true,"href":"https:\/\/zamalia-experience.com\/fr\/wp-json\/wp\/v2\/product_tag?post=1034"}],"curies":[{"name":"wp","href":"https:\/\/api.w.org\/{rel}","templated":true}]}}