{"id":1183,"date":"2024-04-24T16:53:44","date_gmt":"2024-04-24T14:53:44","guid":{"rendered":"https:\/\/zamalia-experience.com\/?post_type=product&#038;p=1183"},"modified":"2024-04-25T14:28:18","modified_gmt":"2024-04-25T14:28:18","slug":"huile-de-cbn-5-10ml","status":"publish","type":"product","link":"https:\/\/zamalia-experience.com\/fr\/boutique\/extrait-de-cannabis\/huile-de-cbn-5-10ml\/","title":{"rendered":"Huile de CBN 5% 10ml"},"content":{"rendered":"","protected":false},"excerpt":{"rendered":"<p>Cannabinol, \u00e9galement connu sous le nom de CBN, est l\u2019un des nombreux compos\u00e9s chimiques des plantes de cannabis et de chanvre. \u00c0 ne pas confondre avec l\u2019huile de cannabidiol (CBD) ou l\u2019huile de cannabig\u00e9rol (CBG), l\u2019huile de CBN attire rapidement l\u2019attention pour ses bienfaits potentiels pour la sant\u00e9.<\/p>\n<p>Comme l\u2019huile de CBD et de CBG, l\u2019huile de CBN ne provoque pas le \u00ab high \u00bb typique associ\u00e9 au cannabis.<br \/>\nNotre huile CBN \u00e0 spectre complet est hautement purifi\u00e9e et a donc un go\u00fbt de graines de chanvre tr\u00e8s doux. En raison de la purification, toute la chlorophylle a \u00e9t\u00e9 \u00e9limin\u00e9e, laissant une huile de couleur jaune clair.<\/p>\n<p>Maintenant disponible dans une variante \u00e0 5 % et 10 % de CBN, chaque concentration contenant \u00e9galement 2,5 % (250 mg) de CBD et d\u2019autres cannabino\u00efdes pour un effet d\u2019entourage maximal!<\/p>\n<p>Consultez notre guide <a href=\"\/cbd-dosing-explained\/\">Comment doser votre CBD<\/a><\/p>\n<p>Ce produit est v\u00e9gan et conform\u00e9ment aux lois europ\u00e9ennes il contient une concentration de THC de 0,05 %.<\/p>\n<p>Commencez aujourd&rsquo;hui !<\/p>\n","protected":false},"featured_media":1006,"comment_status":"closed","ping_status":"closed","template":"","meta":{"inline_featured_image":false,"_kad_blocks_custom_css":"","_kad_blocks_head_custom_js":"","_kad_blocks_body_custom_js":"","_kad_blocks_footer_custom_js":"","_price":"29.95","_stock":null,"_tribe_ticket_header":"","_tribe_default_ticket_provider":"","_tribe_ticket_capacity":"0","_ticket_start_date":"","_ticket_end_date":"","_tribe_ticket_show_description":"","_tribe_ticket_show_not_going":false,"_tribe_ticket_use_global_stock":"","_tribe_ticket_global_stock_level":"","_global_stock_mode":"","_global_stock_cap":"","_tribe_rsvp_for_event":"","_tribe_ticket_going_count":"","_tribe_ticket_not_going_count":"","_tribe_tickets_list":"[]","_tribe_ticket_has_attendee_info_fields":false,"_kad_post_transparent":"default","_kad_post_title":"","_kad_post_layout":"default","_kad_post_sidebar_id":"","_kad_post_content_style":"default","_kad_post_vertical_padding":"default","_kad_post_feature":"","_kad_post_feature_position":"","_kad_post_header":false,"_kad_post_footer":false,"_kad_post_classname":""},"product_brand":[],"product_cat":[63],"product_tag":[98,131],"class_list":{"0":"post-1183","1":"product","2":"type-product","3":"status-publish","4":"has-post-thumbnail","6":"product_cat-extrait-de-cannabis","7":"product_tag-cbd-hhc-droplets-fr","8":"product_tag-cbn-cbd-a-spectre-complet","10":"first","11":"instock","12":"taxable","13":"shipping-taxable","14":"purchasable","15":"product-type-simple","16":"entry","17":"content-bg","18":"loop-entry"},"taxonomy_info":{"product_cat":[{"value":63,"label":"Extrait de cannabis"}],"product_tag":[{"value":98,"label":"CBD &amp; HHC Droplets"},{"value":131,"label":"CBN &amp; CBD \u00e0 spectre complet"}]},"featured_image_src_large":["https:\/\/zamalia-experience.com\/wp-content\/uploads\/CBN-drops-5-scaled-1.webp",732,1024,false],"author_info":[],"comment_info":0,"_links":{"self":[{"href":"https:\/\/zamalia-experience.com\/fr\/wp-json\/wp\/v2\/product\/1183","targetHints":{"allow":["GET"]}}],"collection":[{"href":"https:\/\/zamalia-experience.com\/fr\/wp-json\/wp\/v2\/product"}],"about":[{"href":"https:\/\/zamalia-experience.com\/fr\/wp-json\/wp\/v2\/types\/product"}],"replies":[{"embeddable":true,"href":"https:\/\/zamalia-experience.com\/fr\/wp-json\/wp\/v2\/comments?post=1183"}],"wp:featuredmedia":[{"embeddable":true,"href":"https:\/\/zamalia-experience.com\/fr\/wp-json\/wp\/v2\/media\/1006"}],"wp:attachment":[{"href":"https:\/\/zamalia-experience.com\/fr\/wp-json\/wp\/v2\/media?parent=1183"}],"wp:term":[{"taxonomy":"product_brand","embeddable":true,"href":"https:\/\/zamalia-experience.com\/fr\/wp-json\/wp\/v2\/product_brand?post=1183"},{"taxonomy":"product_cat","embeddable":true,"href":"https:\/\/zamalia-experience.com\/fr\/wp-json\/wp\/v2\/product_cat?post=1183"},{"taxonomy":"product_tag","embeddable":true,"href":"https:\/\/zamalia-experience.com\/fr\/wp-json\/wp\/v2\/product_tag?post=1183"}],"curies":[{"name":"wp","href":"https:\/\/api.w.org\/{rel}","templated":true}]}}