{"id":1190,"date":"2024-04-24T16:53:39","date_gmt":"2024-04-24T14:53:39","guid":{"rendered":"https:\/\/zamalia-experience.com\/?post_type=product&#038;p=1190"},"modified":"2024-04-25T13:57:35","modified_gmt":"2024-04-25T13:57:35","slug":"gommes-de-myrtille-au-cbd-25mg-60pc","status":"publish","type":"product","link":"https:\/\/zamalia-experience.com\/fr\/boutique\/extrait-de-cannabis\/gommes-de-myrtille-au-cbd-25mg-60pc\/","title":{"rendered":"Gommes de myrtille au CBD 25mg 60pc"},"content":{"rendered":"","protected":false},"excerpt":{"rendered":"<p>Nos gommes \u00e0 la myrtille Vegan CBD sont des \u00e9dibles de qualit\u00e9 sup\u00e9rieure et vous offrent un moyen amusant et facile d&rsquo;obtenir du CBD \u00e0 spectre complet de haute qualit\u00e9 dans le cadre de votre routine quotidienne !<\/p>\n<p>Les gommes sont \u00e0 spectre complet, donc riches en CBD et autres cannabino\u00efdes et terp\u00e8nes pour un effet d&rsquo;entourage maximal !<br \/>\nNos clients nous disent qu&rsquo;ils ressentent d\u00e9j\u00e0 un effet positif avec 1 ou 2 gommes !<\/p>\n<p>Les gommes contiennent 25 mg de CBD chacune et sont aussi disponibles dans des contenants de 30 pi\u00e8ces.<\/p>\n<p>Ce produit est v\u00e9gan et conform\u00e9ment aux lois europ\u00e9ennes il contient une concentration de THC de 0,05 %.<\/p>\n","protected":false},"featured_media":12329,"comment_status":"closed","ping_status":"closed","template":"","meta":{"inline_featured_image":false,"_kad_blocks_custom_css":"","_kad_blocks_head_custom_js":"","_kad_blocks_body_custom_js":"","_kad_blocks_footer_custom_js":"","_price":"79.95","_stock":null,"_tribe_ticket_header":"","_tribe_default_ticket_provider":"","_tribe_ticket_capacity":"0","_ticket_start_date":"","_ticket_end_date":"","_tribe_ticket_show_description":"","_tribe_ticket_show_not_going":false,"_tribe_ticket_use_global_stock":"","_tribe_ticket_global_stock_level":"","_global_stock_mode":"","_global_stock_cap":"","_tribe_rsvp_for_event":"","_tribe_ticket_going_count":"","_tribe_ticket_not_going_count":"","_tribe_tickets_list":"[]","_tribe_ticket_has_attendee_info_fields":false,"_kad_post_transparent":"default","_kad_post_title":"","_kad_post_layout":"default","_kad_post_sidebar_id":"","_kad_post_content_style":"default","_kad_post_vertical_padding":"default","_kad_post_feature":"","_kad_post_feature_position":"","_kad_post_header":false,"_kad_post_footer":false,"_kad_post_classname":""},"product_brand":[],"product_cat":[63],"product_tag":[158],"class_list":{"0":"post-1190","1":"product","2":"type-product","3":"status-publish","4":"has-post-thumbnail","6":"product_cat-extrait-de-cannabis","7":"product_tag-oursons-gelifies","9":"first","10":"instock","11":"taxable","12":"shipping-taxable","13":"purchasable","14":"product-type-simple","15":"entry","16":"content-bg","17":"loop-entry"},"taxonomy_info":{"product_cat":[{"value":63,"label":"Extrait de cannabis"}],"product_tag":[{"value":158,"label":"Oursons g\u00e9lifi\u00e9s"}]},"featured_image_src_large":["https:\/\/zamalia-experience.com\/wp-content\/uploads\/Full-Spectrum-CBD-Blueberry-Gummies-25mg-60pc-new.webp",1000,1000,false],"author_info":[],"comment_info":0,"_links":{"self":[{"href":"https:\/\/zamalia-experience.com\/fr\/wp-json\/wp\/v2\/product\/1190","targetHints":{"allow":["GET"]}}],"collection":[{"href":"https:\/\/zamalia-experience.com\/fr\/wp-json\/wp\/v2\/product"}],"about":[{"href":"https:\/\/zamalia-experience.com\/fr\/wp-json\/wp\/v2\/types\/product"}],"replies":[{"embeddable":true,"href":"https:\/\/zamalia-experience.com\/fr\/wp-json\/wp\/v2\/comments?post=1190"}],"wp:featuredmedia":[{"embeddable":true,"href":"https:\/\/zamalia-experience.com\/fr\/wp-json\/wp\/v2\/media\/12329"}],"wp:attachment":[{"href":"https:\/\/zamalia-experience.com\/fr\/wp-json\/wp\/v2\/media?parent=1190"}],"wp:term":[{"taxonomy":"product_brand","embeddable":true,"href":"https:\/\/zamalia-experience.com\/fr\/wp-json\/wp\/v2\/product_brand?post=1190"},{"taxonomy":"product_cat","embeddable":true,"href":"https:\/\/zamalia-experience.com\/fr\/wp-json\/wp\/v2\/product_cat?post=1190"},{"taxonomy":"product_tag","embeddable":true,"href":"https:\/\/zamalia-experience.com\/fr\/wp-json\/wp\/v2\/product_tag?post=1190"}],"curies":[{"name":"wp","href":"https:\/\/api.w.org\/{rel}","templated":true}]}}