{"id":1192,"date":"2024-04-24T16:53:39","date_gmt":"2024-04-24T14:53:39","guid":{"rendered":"https:\/\/zamalia-experience.com\/?post_type=product&#038;p=1192"},"modified":"2025-05-14T15:41:29","modified_gmt":"2025-05-14T13:41:29","slug":"ashwaganda-extract-10ml","status":"publish","type":"product","link":"https:\/\/zamalia-experience.com\/fr\/boutique\/extraits-de-plantes\/ashwaganda-extract-10ml\/","title":{"rendered":"Ashwaganda Extract 10ml"},"content":{"rendered":"","protected":false},"excerpt":{"rendered":"<p>Teinture d&rsquo;ashwagandha : Une atmosph\u00e8re naturelle de paix et d&rsquo;\u00e9quilibre<\/p>\n<p>D\u00e9couvrez le magnifique pouvoir de la nature avec notre teinture d&rsquo;ashwagandha. Ce compl\u00e9ment \u00e0 base de plantes de haute qualit\u00e9 provient de la plante Ashwagandha, une herbe ancienne tr\u00e8s appr\u00e9ci\u00e9e dans la tradition ayurv\u00e9dique.<\/p>\n<p>Notre teinture d&rsquo;ashwagandha a \u00e9t\u00e9 soigneusement formul\u00e9e pour fournir une dose puissante de cette plante unique sous une forme liquide pratique et facile \u00e0 utiliser. Quelques gouttes par jour suffisent \u00e0 soutenir votre corps et votre esprit dans votre qu\u00eate d&rsquo;un mode de vie plus sain.<\/p>\n<p>Cette teinture est fabriqu\u00e9e \u00e0 partir de racines d&rsquo;ashwagandha issues \u00e0 100 % de l&rsquo;agriculture biologique et extraites dans de l&rsquo;alcool pur afin de conserver l&rsquo;ensemble de ses bienfaits th\u00e9rapeutiques. Elle est exempte d&rsquo;additifs artificiels et de conservateurs, ce qui en fait un choix s\u00fbr et naturel pour ceux qui s&rsquo;efforcent d&rsquo;adopter un mode de vie plus sain.<\/p>\n<p>Utilisez notre teinture d&rsquo;ashwagandha dans le cadre de votre routine quotidienne et d\u00e9couvrez les bienfaits possibles de cette puissante plante ayurv\u00e9dique. Soignez votre corps et votre esprit avec notre teinture naturelle d&rsquo;ashwagandha.<\/p>\n","protected":false},"featured_media":1317,"comment_status":"closed","ping_status":"closed","template":"","meta":{"inline_featured_image":false,"_kad_blocks_custom_css":"","_kad_blocks_head_custom_js":"","_kad_blocks_body_custom_js":"","_kad_blocks_footer_custom_js":"","_price":"24.95","_stock":null,"_tribe_ticket_header":"","_tribe_default_ticket_provider":"","_tribe_ticket_capacity":"0","_ticket_start_date":"","_ticket_end_date":"","_tribe_ticket_show_description":"","_tribe_ticket_show_not_going":false,"_tribe_ticket_use_global_stock":"","_tribe_ticket_global_stock_level":"","_global_stock_mode":"","_global_stock_cap":"","_tribe_rsvp_for_event":"","_tribe_ticket_going_count":"","_tribe_ticket_not_going_count":"","_tribe_tickets_list":"[]","_tribe_ticket_has_attendee_info_fields":false,"_kad_post_transparent":"default","_kad_post_title":"","_kad_post_layout":"default","_kad_post_sidebar_id":"","_kad_post_content_style":"default","_kad_post_vertical_padding":"default","_kad_post_feature":"","_kad_post_feature_position":"","_kad_post_header":false,"_kad_post_footer":false,"_kad_post_classname":""},"product_brand":[],"product_cat":[93],"product_tag":[],"class_list":{"0":"post-1192","1":"product","2":"type-product","3":"status-publish","4":"has-post-thumbnail","6":"product_cat-extraits-de-plantes","8":"first","9":"outofstock","10":"taxable","11":"shipping-taxable","12":"purchasable","13":"product-type-simple","14":"entry","15":"content-bg","16":"loop-entry"},"taxonomy_info":{"product_cat":[{"value":93,"label":"Extraits de plantes"}]},"featured_image_src_large":["https:\/\/zamalia-experience.com\/wp-content\/uploads\/Ashwaganda-Extract-10ml-drops.webp",500,500,false],"author_info":[],"comment_info":0,"_links":{"self":[{"href":"https:\/\/zamalia-experience.com\/fr\/wp-json\/wp\/v2\/product\/1192","targetHints":{"allow":["GET"]}}],"collection":[{"href":"https:\/\/zamalia-experience.com\/fr\/wp-json\/wp\/v2\/product"}],"about":[{"href":"https:\/\/zamalia-experience.com\/fr\/wp-json\/wp\/v2\/types\/product"}],"replies":[{"embeddable":true,"href":"https:\/\/zamalia-experience.com\/fr\/wp-json\/wp\/v2\/comments?post=1192"}],"wp:featuredmedia":[{"embeddable":true,"href":"https:\/\/zamalia-experience.com\/fr\/wp-json\/wp\/v2\/media\/1317"}],"wp:attachment":[{"href":"https:\/\/zamalia-experience.com\/fr\/wp-json\/wp\/v2\/media?parent=1192"}],"wp:term":[{"taxonomy":"product_brand","embeddable":true,"href":"https:\/\/zamalia-experience.com\/fr\/wp-json\/wp\/v2\/product_brand?post=1192"},{"taxonomy":"product_cat","embeddable":true,"href":"https:\/\/zamalia-experience.com\/fr\/wp-json\/wp\/v2\/product_cat?post=1192"},{"taxonomy":"product_tag","embeddable":true,"href":"https:\/\/zamalia-experience.com\/fr\/wp-json\/wp\/v2\/product_tag?post=1192"}],"curies":[{"name":"wp","href":"https:\/\/api.w.org\/{rel}","templated":true}]}}