{"id":1194,"date":"2024-04-24T16:53:39","date_gmt":"2024-04-24T14:53:39","guid":{"rendered":"https:\/\/zamalia-experience.com\/?post_type=product&#038;p=1194"},"modified":"2025-05-14T15:41:58","modified_gmt":"2025-05-14T13:41:58","slug":"extrait-de-copaiba-10ml","status":"publish","type":"product","link":"https:\/\/zamalia-experience.com\/fr\/boutique\/extraits-de-plantes\/extrait-de-copaiba-10ml\/","title":{"rendered":"Extrait de Copaiba 10ml"},"content":{"rendered":"","protected":false},"excerpt":{"rendered":"<p>Huile de Copaiba : La magie de l&rsquo;Amazonie<\/p>\n<p>D\u00e9couvrez le tr\u00e9sor cach\u00e9 de l&rsquo;Amazonie avec notre huile de Copaiba, un compl\u00e9ment naturel extrait de la r\u00e9sine de l&rsquo;arbre Copaiba. Depuis des si\u00e8cles, cette huile est utilis\u00e9e par les peuples indig\u00e8nes en raison de leurs croyances quant \u00e0 ses bienfaits uniques sur la sant\u00e9 et le bien-\u00eatre.<\/p>\n<p>Notre huile de copaiba est soigneusement extraite selon un processus durable afin de garantir sa puret\u00e9 et son efficacit\u00e9. Les ingr\u00e9dients actifs sont ainsi bien pr\u00e9serv\u00e9s, ce qui garantit que la teinture contient une dose puissante de copaiba. Le r\u00e9sultat est une huile riche et dor\u00e9e qui peut \u00eatre enrichie de plusieurs fa\u00e7ons.<\/p>\n<p>L&rsquo;huile de Copaiba est un compl\u00e9ment pr\u00e9cieux \u00e0 votre routine quotidienne, tant pour le corps que pour l&rsquo;esprit. D\u00e9couvrez la magie de l&rsquo;Amazonie et retrouvez votre \u00e9quilibre naturel gr\u00e2ce \u00e0 notre huile de Copaiba pure.<\/p>\n","protected":false},"featured_media":1399,"comment_status":"closed","ping_status":"closed","template":"","meta":{"inline_featured_image":false,"_kad_blocks_custom_css":"","_kad_blocks_head_custom_js":"","_kad_blocks_body_custom_js":"","_kad_blocks_footer_custom_js":"","_price":"14.95","_stock":null,"_tribe_ticket_header":"","_tribe_default_ticket_provider":"","_tribe_ticket_capacity":"0","_ticket_start_date":"","_ticket_end_date":"","_tribe_ticket_show_description":"","_tribe_ticket_show_not_going":false,"_tribe_ticket_use_global_stock":"","_tribe_ticket_global_stock_level":"","_global_stock_mode":"","_global_stock_cap":"","_tribe_rsvp_for_event":"","_tribe_ticket_going_count":"","_tribe_ticket_not_going_count":"","_tribe_tickets_list":"[]","_tribe_ticket_has_attendee_info_fields":false,"_kad_post_transparent":"default","_kad_post_title":"","_kad_post_layout":"default","_kad_post_sidebar_id":"","_kad_post_content_style":"default","_kad_post_vertical_padding":"default","_kad_post_feature":"","_kad_post_feature_position":"","_kad_post_header":false,"_kad_post_footer":false,"_kad_post_classname":""},"product_brand":[],"product_cat":[93],"product_tag":[],"class_list":{"0":"post-1194","1":"product","2":"type-product","3":"status-publish","4":"has-post-thumbnail","6":"product_cat-extraits-de-plantes","8":"first","9":"outofstock","10":"taxable","11":"shipping-taxable","12":"purchasable","13":"product-type-simple","14":"entry","15":"content-bg","16":"loop-entry"},"taxonomy_info":{"product_cat":[{"value":93,"label":"Extraits de plantes"}]},"featured_image_src_large":["https:\/\/zamalia-experience.com\/wp-content\/uploads\/copaiba-extract-10ml.webp",500,500,false],"author_info":[],"comment_info":0,"_links":{"self":[{"href":"https:\/\/zamalia-experience.com\/fr\/wp-json\/wp\/v2\/product\/1194","targetHints":{"allow":["GET"]}}],"collection":[{"href":"https:\/\/zamalia-experience.com\/fr\/wp-json\/wp\/v2\/product"}],"about":[{"href":"https:\/\/zamalia-experience.com\/fr\/wp-json\/wp\/v2\/types\/product"}],"replies":[{"embeddable":true,"href":"https:\/\/zamalia-experience.com\/fr\/wp-json\/wp\/v2\/comments?post=1194"}],"wp:featuredmedia":[{"embeddable":true,"href":"https:\/\/zamalia-experience.com\/fr\/wp-json\/wp\/v2\/media\/1399"}],"wp:attachment":[{"href":"https:\/\/zamalia-experience.com\/fr\/wp-json\/wp\/v2\/media?parent=1194"}],"wp:term":[{"taxonomy":"product_brand","embeddable":true,"href":"https:\/\/zamalia-experience.com\/fr\/wp-json\/wp\/v2\/product_brand?post=1194"},{"taxonomy":"product_cat","embeddable":true,"href":"https:\/\/zamalia-experience.com\/fr\/wp-json\/wp\/v2\/product_cat?post=1194"},{"taxonomy":"product_tag","embeddable":true,"href":"https:\/\/zamalia-experience.com\/fr\/wp-json\/wp\/v2\/product_tag?post=1194"}],"curies":[{"name":"wp","href":"https:\/\/api.w.org\/{rel}","templated":true}]}}