{"id":12343,"date":"2024-04-24T16:53:39","date_gmt":"2024-04-24T14:53:39","guid":{"rendered":"https:\/\/zamalia-experience.com\/shop\/non class\u00e9\/cbd-hydrosoluble-10ml-5\/"},"modified":"2024-04-24T16:53:39","modified_gmt":"2024-04-24T14:53:39","slug":"cbd-hydrosoluble-10ml-5","status":"publish","type":"product","link":"https:\/\/zamalia-experience.com\/fr\/boutique\/extrait-de-cannabis\/cbd-hydrosoluble-10ml-5\/","title":{"rendered":"CBD hydrosoluble 10ml 5%"},"content":{"rendered":"","protected":false},"excerpt":{"rendered":"<p>Le CBD liquide soluble dans l&rsquo;eau n&rsquo;est pas encore bien connu de tous, mais cela devrait bient\u00f4t changer !<\/p>\n<p>Gr\u00e2ce \u00e0 la nanotechnologie qui permet au CBD de se dissoudre tr\u00e8s facilement dans les liquides, vous pouvez d\u00e9sormais prendre du CBD de nombreuses fa\u00e7ons nouvelles et cr\u00e9atives : quelques gouttes dans un smoothie sain pour le petit-d\u00e9jeuner, m\u00e9lang\u00e9 \u00e0 des cocktails sophistiqu\u00e9s lors d&rsquo;une soir\u00e9e entre amis, ou ajout\u00e9 \u00e0 votre th\u00e9 relaxant de l&rsquo;apr\u00e8s-midi &#8211; les possibilit\u00e9s sont infinies !<\/p>\n<p>La biodisponibilit\u00e9 du CBD liquide hydrosoluble est jusqu&rsquo;\u00e0 trois fois sup\u00e9rieure \u00e0 celle de l&rsquo;huile de CBD traditionnelle. Ainsi, une goutte de 5 % de notre CBD liquide hydrosoluble produit au moins le m\u00eame effet qu&rsquo;une goutte de 15 % d&rsquo;huile de CBD traditionnelle !<\/p>\n<p>Notre CBD hydrosoluble \u00e0 large spectre contient du CBDV et du CBC en plus du CBD. Il contient \u00e9galement des terp\u00e8nes naturels, ce qui lui donne un go\u00fbt et une odeur l\u00e9g\u00e8rement fruit\u00e9s, d\u00e9licieux !<br \/>\nMaintenant disponible en 5% et 10% en flacons de 10ml !<\/p>\n<p>Consultez notre guide <a href=\"https:\/\/zamalia-experience.com\/fr\/choisir-entre-le-cbd-a-spectre-complet-et-le-cbd-a-large-spectre-un-guide-complet\/\">Comment doser votre CBD<\/a><\/p>\n<p>Ce produit est v\u00e9gan et conform\u00e9ment aux lois europ\u00e9ennes il contient une concentration de THC de 0,05 %.<\/p>\n<p>Commencez d\u00e8s maintenant votre exp\u00e9rience cr\u00e9ative de la CBD !<\/p>\n","protected":false},"featured_media":12367,"comment_status":"closed","ping_status":"closed","template":"","meta":{"inline_featured_image":false,"_kad_blocks_custom_css":"","_kad_blocks_head_custom_js":"","_kad_blocks_body_custom_js":"","_kad_blocks_footer_custom_js":"","_price":"39.95","_stock":"","_tribe_ticket_header":"","_tribe_default_ticket_provider":"","_tribe_ticket_capacity":"0","_ticket_start_date":"","_ticket_end_date":"","_tribe_ticket_show_description":"","_tribe_ticket_show_not_going":false,"_tribe_ticket_use_global_stock":"","_tribe_ticket_global_stock_level":"","_global_stock_mode":"","_global_stock_cap":"","_tribe_rsvp_for_event":"","_tribe_ticket_going_count":"","_tribe_ticket_not_going_count":"","_tribe_tickets_list":"[]","_tribe_ticket_has_attendee_info_fields":false,"_kad_post_transparent":"","_kad_post_title":"","_kad_post_layout":"","_kad_post_sidebar_id":"","_kad_post_content_style":"","_kad_post_vertical_padding":"","_kad_post_feature":"","_kad_post_feature_position":"","_kad_post_header":false,"_kad_post_footer":false,"_kad_post_classname":""},"product_brand":[],"product_cat":[63],"product_tag":[164],"class_list":{"0":"post-12343","1":"product","2":"type-product","3":"status-publish","4":"has-post-thumbnail","6":"product_cat-extrait-de-cannabis","7":"product_tag-cbd-hydrosoluble-fr","9":"first","10":"instock","11":"taxable","12":"shipping-taxable","13":"purchasable","14":"product-type-simple","15":"entry","16":"content-bg","17":"loop-entry"},"taxonomy_info":{"product_cat":[{"value":63,"label":"Extrait de cannabis"}],"product_tag":[{"value":164,"label":"CBD Hydrosoluble"}]},"featured_image_src_large":["https:\/\/zamalia-experience.com\/wp-content\/uploads\/water-CBD-soluble-5-2600-763x1024.webp",763,1024,true],"author_info":[],"comment_info":0,"_links":{"self":[{"href":"https:\/\/zamalia-experience.com\/fr\/wp-json\/wp\/v2\/product\/12343","targetHints":{"allow":["GET"]}}],"collection":[{"href":"https:\/\/zamalia-experience.com\/fr\/wp-json\/wp\/v2\/product"}],"about":[{"href":"https:\/\/zamalia-experience.com\/fr\/wp-json\/wp\/v2\/types\/product"}],"replies":[{"embeddable":true,"href":"https:\/\/zamalia-experience.com\/fr\/wp-json\/wp\/v2\/comments?post=12343"}],"wp:featuredmedia":[{"embeddable":true,"href":"https:\/\/zamalia-experience.com\/fr\/wp-json\/wp\/v2\/media\/12367"}],"wp:attachment":[{"href":"https:\/\/zamalia-experience.com\/fr\/wp-json\/wp\/v2\/media?parent=12343"}],"wp:term":[{"taxonomy":"product_brand","embeddable":true,"href":"https:\/\/zamalia-experience.com\/fr\/wp-json\/wp\/v2\/product_brand?post=12343"},{"taxonomy":"product_cat","embeddable":true,"href":"https:\/\/zamalia-experience.com\/fr\/wp-json\/wp\/v2\/product_cat?post=12343"},{"taxonomy":"product_tag","embeddable":true,"href":"https:\/\/zamalia-experience.com\/fr\/wp-json\/wp\/v2\/product_tag?post=12343"}],"curies":[{"name":"wp","href":"https:\/\/api.w.org\/{rel}","templated":true}]}}