{"id":12387,"date":"2025-06-04T16:12:03","date_gmt":"2025-06-04T14:12:03","guid":{"rendered":"https:\/\/zamalia-experience.com\/shop\/non class\u00e9\/happy-gummies-a-lorange-5mg-thc-5mg-cbd-5mg-cbg-10pc\/"},"modified":"2025-06-04T16:12:03","modified_gmt":"2025-06-04T14:12:03","slug":"happy-gummies-a-lorange-5mg-thc-5mg-cbd-5mg-cbg-10pc","status":"publish","type":"product","link":"https:\/\/zamalia-experience.com\/fr\/boutique\/extrait-de-cannabis\/happy-gummies-a-lorange-5mg-thc-5mg-cbd-5mg-cbg-10pc\/","title":{"rendered":"Happy Gummies \u00e0 l&rsquo;Orange &#8211; 5mg THC 5mg CBD 5mg CBG 10pc"},"content":{"rendered":"","protected":false},"excerpt":{"rendered":"<p>D\u00e9couvrez une nouvelle dimension de la relaxation avec nos Happy Gummies ! Cette cat\u00e9gorie d&rsquo;edibles d\u00e9licieux et pratiques offre une exp\u00e9rience unique aux amateurs de cannabis \u00e0 la recherche de quelque chose de diff\u00e9rent des produits CBD traditionnels. <\/p>\n<p>Disponibles dans les saveurs \u00e0 l&rsquo;orange ou \u00e0 la fraise, nos Happy Gummies sont un moyen savoureux et discret de profiter de tous les bienfaits de cette plante fascinante. Chaque gomme est soigneusement formul\u00e9e pour contenir un dosage pr\u00e9cis de 5mg de THC ( &lt;0,2%, ce qui le rend l\u00e9gal pour tous les pays europ\u00e9ens ! ), avec 5mg de CBD pour \u00e9quilibrer l&rsquo;effet du THC et 5mg de CBG pour obtenir l&rsquo;effet complet de l&rsquo;entourage et faciliter la prise du dosage qui fonctionne le mieux pour vous !  <\/p>\n<p>Ce produit est v\u00e9gan et, conform\u00e9ment \u00e0 la l\u00e9gislation europ\u00e9enne, contient une concentration de THC inf\u00e9rieure \u00e0 0,2 %.<\/p>\n","protected":false},"featured_media":12569,"comment_status":"open","ping_status":"closed","template":"","meta":{"inline_featured_image":false,"_kad_blocks_custom_css":"","_kad_blocks_head_custom_js":"","_kad_blocks_body_custom_js":"","_kad_blocks_footer_custom_js":"","_price":"24.95","_stock":"","_tribe_ticket_header":"","_tribe_default_ticket_provider":"","_tribe_ticket_capacity":"0","_ticket_start_date":"","_ticket_end_date":"","_tribe_ticket_show_description":"","_tribe_ticket_show_not_going":false,"_tribe_ticket_use_global_stock":"","_tribe_ticket_global_stock_level":"","_global_stock_mode":"","_global_stock_cap":"","_tribe_rsvp_for_event":"","_tribe_ticket_going_count":"","_tribe_ticket_not_going_count":"","_tribe_tickets_list":"[]","_tribe_ticket_has_attendee_info_fields":false,"_kad_post_transparent":"","_kad_post_title":"","_kad_post_layout":"","_kad_post_sidebar_id":"","_kad_post_content_style":"","_kad_post_vertical_padding":"","_kad_post_feature":"","_kad_post_feature_position":"","_kad_post_header":false,"_kad_post_footer":false,"_kad_post_classname":""},"product_brand":[],"product_cat":[63],"product_tag":[],"class_list":{"0":"post-12387","1":"product","2":"type-product","3":"status-publish","4":"has-post-thumbnail","6":"product_cat-extrait-de-cannabis","8":"first","9":"instock","10":"featured","11":"taxable","12":"shipping-taxable","13":"purchasable","14":"product-type-simple","15":"entry","16":"content-bg","17":"loop-entry"},"taxonomy_info":{"product_cat":[{"value":63,"label":"Extrait de cannabis"}]},"featured_image_src_large":["https:\/\/zamalia-experience.com\/wp-content\/uploads\/Happy-Gummies-orange-10p-6494-1.webp",683,1024,false],"author_info":[],"comment_info":0,"_links":{"self":[{"href":"https:\/\/zamalia-experience.com\/fr\/wp-json\/wp\/v2\/product\/12387","targetHints":{"allow":["GET"]}}],"collection":[{"href":"https:\/\/zamalia-experience.com\/fr\/wp-json\/wp\/v2\/product"}],"about":[{"href":"https:\/\/zamalia-experience.com\/fr\/wp-json\/wp\/v2\/types\/product"}],"replies":[{"embeddable":true,"href":"https:\/\/zamalia-experience.com\/fr\/wp-json\/wp\/v2\/comments?post=12387"}],"wp:featuredmedia":[{"embeddable":true,"href":"https:\/\/zamalia-experience.com\/fr\/wp-json\/wp\/v2\/media\/12569"}],"wp:attachment":[{"href":"https:\/\/zamalia-experience.com\/fr\/wp-json\/wp\/v2\/media?parent=12387"}],"wp:term":[{"taxonomy":"product_brand","embeddable":true,"href":"https:\/\/zamalia-experience.com\/fr\/wp-json\/wp\/v2\/product_brand?post=12387"},{"taxonomy":"product_cat","embeddable":true,"href":"https:\/\/zamalia-experience.com\/fr\/wp-json\/wp\/v2\/product_cat?post=12387"},{"taxonomy":"product_tag","embeddable":true,"href":"https:\/\/zamalia-experience.com\/fr\/wp-json\/wp\/v2\/product_tag?post=12387"}],"curies":[{"name":"wp","href":"https:\/\/api.w.org\/{rel}","templated":true}]}}