{"id":12759,"date":"2024-04-24T16:53:37","date_gmt":"2024-04-24T14:53:37","guid":{"rendered":"https:\/\/zamalia-experience.com\/shop\/non class\u00e9\/huile-de-cbd-pour-animaux-de-compagnie-4-10-ml\/"},"modified":"2024-04-24T16:53:37","modified_gmt":"2024-04-24T14:53:37","slug":"huile-de-cbd-pour-animaux-de-compagnie-4-10-ml","status":"publish","type":"product","link":"https:\/\/zamalia-experience.com\/fr\/boutique\/extrait-de-cannabis\/huile-de-cbd-pour-animaux-de-compagnie-4-10-ml\/","title":{"rendered":"Huile de CBD pour animaux de compagnie 4% 10 ml"},"content":{"rendered":"","protected":false},"excerpt":{"rendered":"<p>Saviez-vous que nos animaux de compagnie peuvent \u00e9galement b\u00e9n\u00e9ficier de la prise de CBD ? C&rsquo;est im-paws-ible, dites-vous ! <\/p>\n<p>Qu\u2019il s\u2019agisse de r\u00e9duire les allergies ou d\u2019aider \u00e0 soulager l\u2019anxi\u00e9t\u00e9 et la douleur, le CBD est l\u00e0 pour am\u00e9liorer la qualit\u00e9 de vie de votre compagnon \u00e0 fourrure !<\/p>\n<p>Notre huile de CBD pour animaux de compagnie a \u00e9t\u00e9 sp\u00e9cialement d\u00e9velopp\u00e9e pour les grands et petits chats et chiens en m\u00e9langeant notre CBD purifi\u00e9 de haute qualit\u00e9 avec de l\u2019huile de saumon pour un bon go\u00fbt et une exp\u00e9rience parfaite pour nos compagnons \u00e0 quatre pattes.<\/p>\n<p>Cette huile est \u00e9galement enrichie en om\u00e9ga 3 et 6, vitamines A et D, et est bien entendu 100% naturelle et donc exempte de tout ajout ind\u00e9sirable !<\/p>\n<p>Vaporisez simplement l\u2019huile directement dans la bouche ou sur la nourriture de vos amis \u00e0 fourrure et laissez-les profiter de tous les merveilleux avantages, il y en a assez pour 80 pulv\u00e9risations dans une bouteille!<\/p>\n<p>Offrez \u00e0 votre animal la tranquillit\u00e9 d&rsquo;esprit et la qualit\u00e9 de vie qu&rsquo;il m\u00e9rite !<\/p>\n<p>D\u00e9sormais disponible uniquement en concentration de 4 % dans des flacons de 10 ml !<\/p>\n<p>Consultez notre article \u201c<a href=\"https:\/\/zamalia-experience.com\/fr\/le-cbd-pour-les-chiens-et-les-chats-un-soutien-complet-au-bien-etre\/\">Les bienfaits de l\u2019huile de cbd pour nos animaux<\/a>\u201d<\/p>\n<p>Ce produit ne contient pas de THC.<\/p>\n","protected":false},"featured_media":181,"comment_status":"closed","ping_status":"closed","template":"","meta":{"inline_featured_image":false,"_kad_blocks_custom_css":"","_kad_blocks_head_custom_js":"","_kad_blocks_body_custom_js":"","_kad_blocks_footer_custom_js":"","_price":"29.95","_stock":"","_tribe_ticket_header":"","_tribe_default_ticket_provider":"","_tribe_ticket_capacity":"","_ticket_start_date":"","_ticket_end_date":"","_tribe_ticket_show_description":"","_tribe_ticket_show_not_going":false,"_tribe_ticket_use_global_stock":"","_tribe_ticket_global_stock_level":"","_global_stock_mode":"","_global_stock_cap":"","_tribe_rsvp_for_event":"","_tribe_ticket_going_count":"","_tribe_ticket_not_going_count":"","_tribe_tickets_list":"[]","_tribe_ticket_has_attendee_info_fields":false,"_kad_post_transparent":"","_kad_post_title":"","_kad_post_layout":"","_kad_post_sidebar_id":"","_kad_post_content_style":"","_kad_post_vertical_padding":"","_kad_post_feature":"","_kad_post_feature_position":"","_kad_post_header":false,"_kad_post_footer":false,"_kad_post_classname":""},"product_brand":[],"product_cat":[63],"product_tag":[],"class_list":{"0":"post-12759","1":"product","2":"type-product","3":"status-publish","4":"has-post-thumbnail","6":"product_cat-extrait-de-cannabis","8":"first","9":"instock","10":"taxable","11":"shipping-taxable","12":"purchasable","13":"product-type-simple","14":"entry","15":"content-bg","16":"loop-entry"},"taxonomy_info":{"product_cat":[{"value":63,"label":"Extrait de cannabis"}]},"featured_image_src_large":["https:\/\/zamalia-experience.com\/wp-content\/uploads\/Zamalia-Experience-Logo.webp",300,300,false],"author_info":[],"comment_info":0,"_links":{"self":[{"href":"https:\/\/zamalia-experience.com\/fr\/wp-json\/wp\/v2\/product\/12759","targetHints":{"allow":["GET"]}}],"collection":[{"href":"https:\/\/zamalia-experience.com\/fr\/wp-json\/wp\/v2\/product"}],"about":[{"href":"https:\/\/zamalia-experience.com\/fr\/wp-json\/wp\/v2\/types\/product"}],"replies":[{"embeddable":true,"href":"https:\/\/zamalia-experience.com\/fr\/wp-json\/wp\/v2\/comments?post=12759"}],"wp:featuredmedia":[{"embeddable":true,"href":"https:\/\/zamalia-experience.com\/fr\/wp-json\/wp\/v2\/media\/181"}],"wp:attachment":[{"href":"https:\/\/zamalia-experience.com\/fr\/wp-json\/wp\/v2\/media?parent=12759"}],"wp:term":[{"taxonomy":"product_brand","embeddable":true,"href":"https:\/\/zamalia-experience.com\/fr\/wp-json\/wp\/v2\/product_brand?post=12759"},{"taxonomy":"product_cat","embeddable":true,"href":"https:\/\/zamalia-experience.com\/fr\/wp-json\/wp\/v2\/product_cat?post=12759"},{"taxonomy":"product_tag","embeddable":true,"href":"https:\/\/zamalia-experience.com\/fr\/wp-json\/wp\/v2\/product_tag?post=12759"}],"curies":[{"name":"wp","href":"https:\/\/api.w.org\/{rel}","templated":true}]}}