{"id":12840,"date":"2026-02-17T13:38:42","date_gmt":"2026-02-17T11:38:42","guid":{"rendered":"https:\/\/zamalia-experience.com\/?post_type=product&#038;p=12840"},"modified":"2026-02-17T13:38:43","modified_gmt":"2026-02-17T11:38:43","slug":"lions-mane-extrait-30ml","status":"publish","type":"product","link":"https:\/\/zamalia-experience.com\/fr\/boutique\/extraits-de-champignons\/lions-mane-extrait-30ml\/","title":{"rendered":"Lions Mane extrait &#8211; 30ml"},"content":{"rendered":"","protected":false},"excerpt":{"rendered":"<p>Le Lion\u2019s Mane est un champignon m\u00e9dicinal r\u00e9put\u00e9 pour ses bienfaits sur les fonctions cognitives et neurologiques. Traditionnellement utilis\u00e9 en m\u00e9decine chinoise et japonaise, il est souvent surnomm\u00e9 le \u00ab champignon de l&rsquo;esprit \u00bb en raison de ses propri\u00e9t\u00e9s b\u00e9n\u00e9fiques pour le cerveau.<\/p>\n<h3><strong>Compos\u00e9s cl\u00e9s<\/strong><\/h3>\n<ul>\n<li><strong>H\u00e9ric\u00e9nones <\/strong>\u2013 Stimulent la production du facteur de croissance nerveuse (NGF), favorisant la r\u00e9g\u00e9n\u00e9ration c\u00e9r\u00e9brale.<\/li>\n<li><strong>\u00c9rinacines <\/strong>\u2013 Favorisent la neuroplasticit\u00e9 et am\u00e9liorent les fonctions cognitives.<\/li>\n<li><strong>B\u00eata-glucanes<\/strong> \u2013 Renforcent la fonction immunitaire et favorisent la sant\u00e9 intestinale.<\/li>\n<li><strong>Antioxydants <\/strong>\u2013 Prot\u00e8gent contre le stress oxydatif et l&rsquo;inflammation.<\/li>\n<\/ul>\n<h3><strong>Bienfaits pour la sant\u00e9<\/strong><\/h3>\n<ul>\n<li><strong>Am\u00e9lioration cognitive<\/strong> \u2013 Am\u00e9liore la m\u00e9moire, la concentration et la capacit\u00e9 d\u2019apprentissage tout en favorisant la plasticit\u00e9 c\u00e9r\u00e9brale.<\/li>\n<li><strong>Neuroprotection et r\u00e9g\u00e9n\u00e9ration nerveuse<\/strong> \u2013 Stimule le NGF, favorisant la r\u00e9paration nerveuse et prot\u00e9geant contre les maladies neurod\u00e9g\u00e9n\u00e9ratives.<\/li>\n<li><strong>Humeur et bien-\u00eatre mental<\/strong> \u2013 Contribue \u00e0 r\u00e9duire l\u2019anxi\u00e9t\u00e9, la d\u00e9pression et le stress en favorisant les fonctions c\u00e9r\u00e9brales et l\u2019\u00e9quilibre des neurotransmetteurs.<\/li>\n<li><strong>Soutien immunitaire<\/strong> \u2013 Am\u00e9liore la r\u00e9ponse immunitaire, favorise la sant\u00e9 du microbiome intestinal et renforce les m\u00e9canismes de d\u00e9fense g\u00e9n\u00e9raux.<\/li>\n<li><strong>Sant\u00e9 intestinale<\/strong> \u2013 Favorise la digestion, r\u00e9duit l&rsquo;inflammation et \u00e9quilibre la flore intestinale.<\/li>\n<li><strong>Sant\u00e9 cardiovasculaire<\/strong> \u2013 Contribue \u00e0 r\u00e9duire l\u2019inflammation, \u00e0 am\u00e9liorer la circulation et \u00e0 soutenir la sant\u00e9 cardiaque.<\/li>\n<li><strong>R\u00e9gulation de la glyc\u00e9mie<\/strong> \u2013 Contribue \u00e0 \u00e9quilibrer les niveaux de glucose et \u00e0 am\u00e9liorer la sensibilit\u00e9 \u00e0 l&rsquo;insuline.<\/li>\n<\/ul>\n<p>Le Lion\u2019s Mane est un puissant nootrope et adaptog\u00e8ne qui favorise la sant\u00e9 c\u00e9r\u00e9brale, la r\u00e9g\u00e9n\u00e9ration nerveuse, l&rsquo;\u00e9quilibre de l&rsquo;humeur et le bien-\u00eatre g\u00e9n\u00e9ral.<\/p>\n<p>Chaque flacon contient 30 ml d&rsquo;extrait de corps fructif\u00e8re et ne contient pas d&rsquo;alcool.<\/p>\n","protected":false},"featured_media":12839,"comment_status":"open","ping_status":"closed","template":"","meta":{"inline_featured_image":false,"_kad_blocks_custom_css":"","_kad_blocks_head_custom_js":"","_kad_blocks_body_custom_js":"","_kad_blocks_footer_custom_js":"","_price":"39.95","_stock":"","_tribe_ticket_header":"","_tribe_default_ticket_provider":"","_tribe_ticket_capacity":"","_ticket_start_date":"","_ticket_end_date":"","_tribe_ticket_show_description":"","_tribe_ticket_show_not_going":false,"_tribe_ticket_use_global_stock":"","_tribe_ticket_global_stock_level":"","_global_stock_mode":"","_global_stock_cap":"","_tribe_rsvp_for_event":"","_tribe_ticket_going_count":"","_tribe_ticket_not_going_count":"","_tribe_tickets_list":"[]","_tribe_ticket_has_attendee_info_fields":false,"_kad_post_transparent":"default","_kad_post_title":"","_kad_post_layout":"default","_kad_post_sidebar_id":"","_kad_post_content_style":"default","_kad_post_vertical_padding":"default","_kad_post_feature":"","_kad_post_feature_position":"","_kad_post_header":false,"_kad_post_footer":false,"_kad_post_classname":""},"product_brand":[],"product_cat":[90],"product_tag":[],"class_list":{"0":"post-12840","1":"product","2":"type-product","3":"status-publish","4":"has-post-thumbnail","6":"product_cat-extraits-de-champignons","8":"first","9":"instock","10":"taxable","11":"shipping-taxable","12":"purchasable","13":"product-type-simple","14":"entry","15":"content-bg","16":"loop-entry"},"taxonomy_info":{"product_cat":[{"value":90,"label":"Extraits de champignons"}]},"featured_image_src_large":["https:\/\/zamalia-experience.com\/wp-content\/uploads\/Lions-mane-extract-30ml.webp",732,1024,false],"author_info":[],"comment_info":0,"_links":{"self":[{"href":"https:\/\/zamalia-experience.com\/fr\/wp-json\/wp\/v2\/product\/12840","targetHints":{"allow":["GET"]}}],"collection":[{"href":"https:\/\/zamalia-experience.com\/fr\/wp-json\/wp\/v2\/product"}],"about":[{"href":"https:\/\/zamalia-experience.com\/fr\/wp-json\/wp\/v2\/types\/product"}],"replies":[{"embeddable":true,"href":"https:\/\/zamalia-experience.com\/fr\/wp-json\/wp\/v2\/comments?post=12840"}],"wp:featuredmedia":[{"embeddable":true,"href":"https:\/\/zamalia-experience.com\/fr\/wp-json\/wp\/v2\/media\/12839"}],"wp:attachment":[{"href":"https:\/\/zamalia-experience.com\/fr\/wp-json\/wp\/v2\/media?parent=12840"}],"wp:term":[{"taxonomy":"product_brand","embeddable":true,"href":"https:\/\/zamalia-experience.com\/fr\/wp-json\/wp\/v2\/product_brand?post=12840"},{"taxonomy":"product_cat","embeddable":true,"href":"https:\/\/zamalia-experience.com\/fr\/wp-json\/wp\/v2\/product_cat?post=12840"},{"taxonomy":"product_tag","embeddable":true,"href":"https:\/\/zamalia-experience.com\/fr\/wp-json\/wp\/v2\/product_tag?post=12840"}],"curies":[{"name":"wp","href":"https:\/\/api.w.org\/{rel}","templated":true}]}}