{"id":12847,"date":"2026-02-17T13:38:54","date_gmt":"2026-02-17T11:38:54","guid":{"rendered":"https:\/\/zamalia-experience.com\/?post_type=product&#038;p=12847"},"modified":"2026-02-17T13:38:55","modified_gmt":"2026-02-17T11:38:55","slug":"cordyceps-sinensis-extrait-30ml","status":"publish","type":"product","link":"https:\/\/zamalia-experience.com\/fr\/boutique\/extraits-de-champignons\/cordyceps-sinensis-extrait-30ml\/","title":{"rendered":"Cordyceps Sinensis extrait &#8211; 30ml"},"content":{"rendered":"","protected":false},"excerpt":{"rendered":"<p>Le Cordyceps Sinensis est un champignon m\u00e9dicinal rare, traditionnellement utilis\u00e9 dans les m\u00e9decines tib\u00e9taine et chinoise. Surnomm\u00e9 \u00ab l\u2019or de l\u2019Himalaya \u00bb, il est appr\u00e9ci\u00e9 pour ses propri\u00e9t\u00e9s \u00e9nergisantes, stimulantes pour l\u2019endurance et fortifiantes pour le syst\u00e8me immunitaire.<\/p>\n<h3><strong>Compos\u00e9s cl\u00e9s<\/strong><\/h3>\n<ul>\n<li><strong>Cordyc\u00e9pine <\/strong>\u2013 Favorise le m\u00e9tabolisme \u00e9nerg\u00e9tique, la sant\u00e9 cellulaire et les processus anti-\u00e2ge.<\/li>\n<li><strong>B\u00eata-glucanes<\/strong> \u2013 Renforcent la fonction immunitaire et am\u00e9liorent les m\u00e9canismes de d\u00e9fense.<\/li>\n<li><strong>Ad\u00e9nosine <\/strong>\u2013 Favorise l\u2019utilisation de l\u2019oxyg\u00e8ne, am\u00e9liore l\u2019endurance et soutient la sant\u00e9 cardiovasculaire.<\/li>\n<li><strong>Les polysaccharides<\/strong> contribuent \u00e0 la modulation immunitaire, \u00e0 l&rsquo;activit\u00e9 antioxydante et \u00e0 la r\u00e9gulation m\u00e9tabolique.<\/li>\n<\/ul>\n<h3><strong>Bienfaits pour la sant\u00e9<\/strong><\/h3>\n<ul>\n<li><strong>\u00c9nergie et endurance<\/strong> \u2013 Am\u00e9liore la production d&rsquo;ATP, l&rsquo;endurance et les performances athl\u00e9tiques.<\/li>\n<li><strong>Assistance respiratoire<\/strong> \u2013 Augmente l\u2019absorption d\u2019oxyg\u00e8ne, soutient la fonction pulmonaire et aide en cas de troubles respiratoires.<\/li>\n<li><strong>Renforcement du syst\u00e8me immunitaire<\/strong> \u2013 Consolide les d\u00e9fenses immunitaires et aide \u00e0 prot\u00e9ger contre les infections.<\/li>\n<li><strong>Propri\u00e9t\u00e9s adaptog\u00e8nes<\/strong> \u2013 R\u00e9duit la fatigue, am\u00e9liore la r\u00e9ponse au stress et favorise la vitalit\u00e9 g\u00e9n\u00e9rale.<\/li>\n<li><strong>Sant\u00e9 du foie et des reins<\/strong> \u2013 Favorise la d\u00e9toxification, prot\u00e8ge la fonction des organes et r\u00e9duit les dommages oxydatifs.<\/li>\n<li><strong>Soutien cardiovasculaire<\/strong> \u2013 Contribue \u00e0 r\u00e9guler la tension art\u00e9rielle, am\u00e9liore la circulation et favorise la sant\u00e9 cardiaque.<\/li>\n<li><strong>R\u00e9gulation de la glyc\u00e9mie<\/strong> \u2013 Contribue \u00e0 \u00e9quilibrer le m\u00e9tabolisme du glucose et la sensibilit\u00e9 \u00e0 l&rsquo;insuline.<\/li>\n<\/ul>\n<p>Le Cordyceps Sinensis est un puissant adaptog\u00e8ne qui am\u00e9liore l&rsquo;\u00e9nergie, l&rsquo;endurance, l&rsquo;immunit\u00e9 et la vitalit\u00e9 g\u00e9n\u00e9rale.<\/p>\n<p>Chaque flacon contient 30 ml d&rsquo;extrait de corps fructif\u00e8re et ne contient pas d&rsquo;alcool.<\/p>\n","protected":false},"featured_media":12848,"comment_status":"open","ping_status":"closed","template":"","meta":{"inline_featured_image":false,"_kad_blocks_custom_css":"","_kad_blocks_head_custom_js":"","_kad_blocks_body_custom_js":"","_kad_blocks_footer_custom_js":"","_price":"39.95","_stock":"","_tribe_ticket_header":"","_tribe_default_ticket_provider":"","_tribe_ticket_capacity":"","_ticket_start_date":"","_ticket_end_date":"","_tribe_ticket_show_description":"","_tribe_ticket_show_not_going":false,"_tribe_ticket_use_global_stock":"","_tribe_ticket_global_stock_level":"","_global_stock_mode":"","_global_stock_cap":"","_tribe_rsvp_for_event":"","_tribe_ticket_going_count":"","_tribe_ticket_not_going_count":"","_tribe_tickets_list":"[]","_tribe_ticket_has_attendee_info_fields":false,"_kad_post_transparent":"default","_kad_post_title":"","_kad_post_layout":"default","_kad_post_sidebar_id":"","_kad_post_content_style":"default","_kad_post_vertical_padding":"default","_kad_post_feature":"","_kad_post_feature_position":"","_kad_post_header":false,"_kad_post_footer":false,"_kad_post_classname":""},"product_brand":[],"product_cat":[90],"product_tag":[],"class_list":{"0":"post-12847","1":"product","2":"type-product","3":"status-publish","4":"has-post-thumbnail","6":"product_cat-extraits-de-champignons","8":"first","9":"instock","10":"taxable","11":"shipping-taxable","12":"purchasable","13":"product-type-simple","14":"entry","15":"content-bg","16":"loop-entry"},"taxonomy_info":{"product_cat":[{"value":90,"label":"Extraits de champignons"}]},"featured_image_src_large":["https:\/\/zamalia-experience.com\/wp-content\/uploads\/Cordyceps-Sinensis-extract-30ml.webp",732,1024,false],"author_info":[],"comment_info":0,"_links":{"self":[{"href":"https:\/\/zamalia-experience.com\/fr\/wp-json\/wp\/v2\/product\/12847","targetHints":{"allow":["GET"]}}],"collection":[{"href":"https:\/\/zamalia-experience.com\/fr\/wp-json\/wp\/v2\/product"}],"about":[{"href":"https:\/\/zamalia-experience.com\/fr\/wp-json\/wp\/v2\/types\/product"}],"replies":[{"embeddable":true,"href":"https:\/\/zamalia-experience.com\/fr\/wp-json\/wp\/v2\/comments?post=12847"}],"wp:featuredmedia":[{"embeddable":true,"href":"https:\/\/zamalia-experience.com\/fr\/wp-json\/wp\/v2\/media\/12848"}],"wp:attachment":[{"href":"https:\/\/zamalia-experience.com\/fr\/wp-json\/wp\/v2\/media?parent=12847"}],"wp:term":[{"taxonomy":"product_brand","embeddable":true,"href":"https:\/\/zamalia-experience.com\/fr\/wp-json\/wp\/v2\/product_brand?post=12847"},{"taxonomy":"product_cat","embeddable":true,"href":"https:\/\/zamalia-experience.com\/fr\/wp-json\/wp\/v2\/product_cat?post=12847"},{"taxonomy":"product_tag","embeddable":true,"href":"https:\/\/zamalia-experience.com\/fr\/wp-json\/wp\/v2\/product_tag?post=12847"}],"curies":[{"name":"wp","href":"https:\/\/api.w.org\/{rel}","templated":true}]}}