{"id":12850,"date":"2026-02-17T13:38:50","date_gmt":"2026-02-17T11:38:50","guid":{"rendered":"https:\/\/zamalia-experience.com\/?post_type=product&#038;p=12850"},"modified":"2026-02-17T13:38:51","modified_gmt":"2026-02-17T11:38:51","slug":"reishi-extrait-30ml","status":"publish","type":"product","link":"https:\/\/zamalia-experience.com\/fr\/boutique\/extraits-de-champignons\/reishi-extrait-30ml\/","title":{"rendered":"Reishi extrait \u2013 30ml"},"content":{"rendered":"","protected":false},"excerpt":{"rendered":"<p>Le Reishi (Ganoderma lucidum) est un champignon m\u00e9dicinal largement utilis\u00e9 dans la m\u00e9decine traditionnelle chinoise et japonaise. Surnomm\u00e9 le \u00ab champignon de l\u2019immortalit\u00e9 \u00bb, il est appr\u00e9ci\u00e9 depuis des si\u00e8cles pour ses bienfaits sur la sant\u00e9. <\/p>\n<h3><strong>Compos\u00e9s cl\u00e9s<\/strong><\/h3>\n<ul>\n<li><strong>Les b\u00eata-glucanes<\/strong>, qui renforcent la fonction immunitaire.<\/li>\n<li><strong>Les triterp\u00e8nes<\/strong>, connus pour leurs effets anti-inflammatoires et antioxydants.<\/li>\n<li><strong>Les polysaccharides<\/strong>, qui favorisent la modulation immunitaire et la sant\u00e9 intestinale.<\/li>\n<li><strong>Acides ganod\u00e9riques<\/strong>, b\u00e9n\u00e9fiques pour la sant\u00e9 cardiovasculaire et h\u00e9patique.<\/li>\n<\/ul>\n<h3><strong>Bienfaits pour la sant\u00e9<\/strong><\/h3>\n<ul>\n<li><strong>Soutien immunitaire <\/strong>: Stimule l&rsquo;activit\u00e9 des globules blancs, renforce la r\u00e9sistance immunitaire et aide \u00e0 lutter contre les infections.<\/li>\n<li><strong>Effets anti-inflammatoires<\/strong> : R\u00e9duit le stress oxydatif, favorise la sant\u00e9 cellulaire et g\u00e8re les affections inflammatoires.<\/li>\n<li><strong>R\u00e9duction du stress et am\u00e9lioration du sommeil<\/strong> : Agit comme un adaptog\u00e8ne, favorisant la relaxation, r\u00e9duisant l&rsquo;anxi\u00e9t\u00e9 et am\u00e9liorant la qualit\u00e9 du sommeil.<\/li>\n<li><strong>Sant\u00e9 cardiovasculaire<\/strong> : Favorise la circulation sanguine, r\u00e9gule la pression art\u00e9rielle et le cholest\u00e9rol, et prot\u00e8ge la sant\u00e9 cardiaque.<\/li>\n<li><strong>Sant\u00e9 du foie<\/strong> : Favorise la d\u00e9toxification du foie, la r\u00e9g\u00e9n\u00e9ration cellulaire et combat l&rsquo;inflammation.<\/li>\n<li><strong>R\u00e9gulation de la glyc\u00e9mie<\/strong> : Contribue \u00e0 \u00e9quilibrer la glyc\u00e9mie, favorise la sensibilit\u00e9 \u00e0 l&rsquo;insuline et r\u00e9duit les risques m\u00e9taboliques.<\/li>\n<li><strong>Soutien en cas de cancer<\/strong> : Contient des compos\u00e9s susceptibles d&rsquo;inhiber la croissance tumorale, de renforcer la r\u00e9ponse immunitaire et d&rsquo;att\u00e9nuer les effets secondaires de la chimioth\u00e9rapie.<\/li>\n<\/ul>\n<p>Le Reishi est un puissant adaptog\u00e8ne qui soutient l&rsquo;immunit\u00e9, la gestion du stress, la sant\u00e9 cardiovasculaire et le bien-\u00eatre g\u00e9n\u00e9ral.<\/p>\n<p>Chaque flacon contient 30 ml d&rsquo;extrait de corps fructif\u00e8re et ne contient pas d&rsquo;alcool.<\/p>\n","protected":false},"featured_media":12849,"comment_status":"open","ping_status":"closed","template":"","meta":{"inline_featured_image":false,"_kad_blocks_custom_css":"","_kad_blocks_head_custom_js":"","_kad_blocks_body_custom_js":"","_kad_blocks_footer_custom_js":"","_price":"39.95","_stock":"","_tribe_ticket_header":"","_tribe_default_ticket_provider":"","_tribe_ticket_capacity":"","_ticket_start_date":"","_ticket_end_date":"","_tribe_ticket_show_description":"","_tribe_ticket_show_not_going":false,"_tribe_ticket_use_global_stock":"","_tribe_ticket_global_stock_level":"","_global_stock_mode":"","_global_stock_cap":"","_tribe_rsvp_for_event":"","_tribe_ticket_going_count":"","_tribe_ticket_not_going_count":"","_tribe_tickets_list":"[]","_tribe_ticket_has_attendee_info_fields":false,"_kad_post_transparent":"","_kad_post_title":"","_kad_post_layout":"","_kad_post_sidebar_id":"","_kad_post_content_style":"","_kad_post_vertical_padding":"","_kad_post_feature":"","_kad_post_feature_position":"","_kad_post_header":false,"_kad_post_footer":false,"_kad_post_classname":""},"product_brand":[],"product_cat":[90],"product_tag":[],"class_list":{"0":"post-12850","1":"product","2":"type-product","3":"status-publish","4":"has-post-thumbnail","6":"product_cat-extraits-de-champignons","8":"first","9":"instock","10":"taxable","11":"shipping-taxable","12":"purchasable","13":"product-type-simple","14":"entry","15":"content-bg","16":"loop-entry"},"taxonomy_info":{"product_cat":[{"value":90,"label":"Extraits de champignons"}]},"featured_image_src_large":["https:\/\/zamalia-experience.com\/wp-content\/uploads\/Reishi-extract-30ml.webp",732,1024,false],"author_info":[],"comment_info":0,"_links":{"self":[{"href":"https:\/\/zamalia-experience.com\/fr\/wp-json\/wp\/v2\/product\/12850","targetHints":{"allow":["GET"]}}],"collection":[{"href":"https:\/\/zamalia-experience.com\/fr\/wp-json\/wp\/v2\/product"}],"about":[{"href":"https:\/\/zamalia-experience.com\/fr\/wp-json\/wp\/v2\/types\/product"}],"replies":[{"embeddable":true,"href":"https:\/\/zamalia-experience.com\/fr\/wp-json\/wp\/v2\/comments?post=12850"}],"wp:featuredmedia":[{"embeddable":true,"href":"https:\/\/zamalia-experience.com\/fr\/wp-json\/wp\/v2\/media\/12849"}],"wp:attachment":[{"href":"https:\/\/zamalia-experience.com\/fr\/wp-json\/wp\/v2\/media?parent=12850"}],"wp:term":[{"taxonomy":"product_brand","embeddable":true,"href":"https:\/\/zamalia-experience.com\/fr\/wp-json\/wp\/v2\/product_brand?post=12850"},{"taxonomy":"product_cat","embeddable":true,"href":"https:\/\/zamalia-experience.com\/fr\/wp-json\/wp\/v2\/product_cat?post=12850"},{"taxonomy":"product_tag","embeddable":true,"href":"https:\/\/zamalia-experience.com\/fr\/wp-json\/wp\/v2\/product_tag?post=12850"}],"curies":[{"name":"wp","href":"https:\/\/api.w.org\/{rel}","templated":true}]}}