{"id":12853,"date":"2026-02-17T13:38:46","date_gmt":"2026-02-17T11:38:46","guid":{"rendered":"https:\/\/zamalia-experience.com\/?post_type=product&#038;p=12853"},"modified":"2026-02-17T13:38:47","modified_gmt":"2026-02-17T11:38:47","slug":"chaga-extrait-30ml","status":"publish","type":"product","link":"https:\/\/zamalia-experience.com\/fr\/boutique\/extraits-de-champignons\/chaga-extrait-30ml\/","title":{"rendered":"Chaga extrait &#8211; 30ml"},"content":{"rendered":"","protected":false},"excerpt":{"rendered":"<p>Le Chaga est un champignon m\u00e9dicinal qui pousse sur les bouleaux et est traditionnellement utilis\u00e9 dans la m\u00e9decine russe et nord-europ\u00e9enne. Surnomm\u00e9 le \u00ab roi des champignons \u00bb, il est pris\u00e9 pour ses puissantes propri\u00e9t\u00e9s antioxydantes et immunostimulantes. <\/p>\n<h3><strong>Compos\u00e9s cl\u00e9s<\/strong><\/h3>\n<ul>\n<li><strong>B\u00eata-glucanes<\/strong> \u2013 Renforcent le syst\u00e8me immunitaire et favorisent la r\u00e9silience globale.<\/li>\n<li><strong>Les polyph\u00e9nols<\/strong> \u2013 de puissants antioxydants qui combattent le stress oxydatif et les dommages cellulaires.<\/li>\n<li><strong>Triterp\u00e8nes (acide b\u00e9tulinique)<\/strong> \u2013 Favorisent la d\u00e9toxification du foie, combattent l&rsquo;inflammation et contribuent \u00e0 la sant\u00e9 de la peau.<\/li>\n<li><strong>La m\u00e9lanine<\/strong> \u2013 renforce la protection de la peau, offre des bienfaits anti-\u00e2ges et favorise la r\u00e9paration de l&rsquo;ADN.<\/li>\n<\/ul>\n<h3><strong>Bienfaits pour la sant\u00e9<\/strong><\/h3>\n<ul>\n<li><strong>Soutien immunitaire<\/strong> \u2013 Module le syst\u00e8me immunitaire, renforce les d\u00e9fenses et am\u00e9liore la r\u00e9sistance aux infections.<\/li>\n<li><strong>Puissant concentr\u00e9 d&rsquo;antioxydants<\/strong> \u2013 Prot\u00e8ge les cellules du stress oxydatif, r\u00e9duit l&rsquo;inflammation et ralentit le processus de vieillissement.<\/li>\n<li><strong>Sant\u00e9 intestinale et digestive<\/strong> \u2013 Favorise l\u2019\u00e9quilibre du microbiome intestinal, facilite la digestion et r\u00e9duit l\u2019inflammation gastro-intestinale.<\/li>\n<li><strong>D\u00e9toxification du foie<\/strong> \u2013 Soutient la fonction h\u00e9patique, aide \u00e0 \u00e9liminer les toxines et favorise la r\u00e9paration cellulaire.<\/li>\n<li><strong>Sant\u00e9 cardiovasculaire<\/strong> \u2013 Contribue \u00e0 r\u00e9guler le cholest\u00e9rol, favorise une tension art\u00e9rielle saine et am\u00e9liore la circulation sanguine.<\/li>\n<li><strong>R\u00e9gulation de la glyc\u00e9mie<\/strong> \u2013 Contribue \u00e0 \u00e9quilibrer les niveaux de glucose et \u00e0 am\u00e9liorer la sensibilit\u00e9 \u00e0 l&rsquo;insuline.<\/li>\n<li><strong>Soutien contre le cancer<\/strong> \u2013 Contient des compos\u00e9s susceptibles d&rsquo;inhiber la croissance cellulaire anormale et de renforcer les m\u00e9canismes de d\u00e9fense naturels de l&rsquo;organisme.<\/li>\n<\/ul>\n<p>Le Chaga est un puissant adaptog\u00e8ne et antioxydant qui soutient l&rsquo;immunit\u00e9, la d\u00e9toxification et la sant\u00e9 globale.<\/p>\n<p>Chaque flacon contient 30 ml d&rsquo;extrait de corps fructif\u00e8re et ne contient pas d&rsquo;alcool.<\/p>\n","protected":false},"featured_media":12851,"comment_status":"open","ping_status":"closed","template":"","meta":{"inline_featured_image":false,"_kad_blocks_custom_css":"","_kad_blocks_head_custom_js":"","_kad_blocks_body_custom_js":"","_kad_blocks_footer_custom_js":"","_price":"39.95","_stock":"","_tribe_ticket_header":"","_tribe_default_ticket_provider":"","_tribe_ticket_capacity":"","_ticket_start_date":"","_ticket_end_date":"","_tribe_ticket_show_description":"","_tribe_ticket_show_not_going":false,"_tribe_ticket_use_global_stock":"","_tribe_ticket_global_stock_level":"","_global_stock_mode":"","_global_stock_cap":"","_tribe_rsvp_for_event":"","_tribe_ticket_going_count":"","_tribe_ticket_not_going_count":"","_tribe_tickets_list":"[]","_tribe_ticket_has_attendee_info_fields":false,"_kad_post_transparent":"","_kad_post_title":"","_kad_post_layout":"","_kad_post_sidebar_id":"","_kad_post_content_style":"","_kad_post_vertical_padding":"","_kad_post_feature":"","_kad_post_feature_position":"","_kad_post_header":false,"_kad_post_footer":false,"_kad_post_classname":""},"product_brand":[],"product_cat":[90],"product_tag":[],"class_list":{"0":"post-12853","1":"product","2":"type-product","3":"status-publish","4":"has-post-thumbnail","6":"product_cat-extraits-de-champignons","8":"first","9":"instock","10":"taxable","11":"shipping-taxable","12":"purchasable","13":"product-type-simple","14":"entry","15":"content-bg","16":"loop-entry"},"taxonomy_info":{"product_cat":[{"value":90,"label":"Extraits de champignons"}]},"featured_image_src_large":["https:\/\/zamalia-experience.com\/wp-content\/uploads\/Chaga-extract-30ml.webp",732,1024,false],"author_info":[],"comment_info":0,"_links":{"self":[{"href":"https:\/\/zamalia-experience.com\/fr\/wp-json\/wp\/v2\/product\/12853","targetHints":{"allow":["GET"]}}],"collection":[{"href":"https:\/\/zamalia-experience.com\/fr\/wp-json\/wp\/v2\/product"}],"about":[{"href":"https:\/\/zamalia-experience.com\/fr\/wp-json\/wp\/v2\/types\/product"}],"replies":[{"embeddable":true,"href":"https:\/\/zamalia-experience.com\/fr\/wp-json\/wp\/v2\/comments?post=12853"}],"wp:featuredmedia":[{"embeddable":true,"href":"https:\/\/zamalia-experience.com\/fr\/wp-json\/wp\/v2\/media\/12851"}],"wp:attachment":[{"href":"https:\/\/zamalia-experience.com\/fr\/wp-json\/wp\/v2\/media?parent=12853"}],"wp:term":[{"taxonomy":"product_brand","embeddable":true,"href":"https:\/\/zamalia-experience.com\/fr\/wp-json\/wp\/v2\/product_brand?post=12853"},{"taxonomy":"product_cat","embeddable":true,"href":"https:\/\/zamalia-experience.com\/fr\/wp-json\/wp\/v2\/product_cat?post=12853"},{"taxonomy":"product_tag","embeddable":true,"href":"https:\/\/zamalia-experience.com\/fr\/wp-json\/wp\/v2\/product_tag?post=12853"}],"curies":[{"name":"wp","href":"https:\/\/api.w.org\/{rel}","templated":true}]}}