{"id":12854,"date":"2026-02-17T13:38:38","date_gmt":"2026-02-17T11:38:38","guid":{"rendered":"https:\/\/zamalia-experience.com\/?post_type=product&#038;p=12854"},"modified":"2026-02-17T13:38:39","modified_gmt":"2026-02-17T11:38:39","slug":"shiitake-extrait-30ml","status":"publish","type":"product","link":"https:\/\/zamalia-experience.com\/fr\/boutique\/extraits-de-champignons\/shiitake-extrait-30ml\/","title":{"rendered":"Shiitake extrait &#8211; 30ml"},"content":{"rendered":"","protected":false},"excerpt":{"rendered":"<p>Le Shiitake est un champignon m\u00e9dicinal et culinaire largement utilis\u00e9 dans la m\u00e9decine traditionnelle asiatique. Surnomm\u00e9 \u00ab \u00e9lixir de vie \u00bb, il est appr\u00e9ci\u00e9 pour ses propri\u00e9t\u00e9s immunostimulantes, cardioprotectrices et favorisant la long\u00e9vit\u00e9. <\/p>\n<h3><strong>Compos\u00e9s cl\u00e9s<\/strong><\/h3>\n<ul>\n<li><strong>Lentinane <\/strong>\u2013 Un puissant b\u00eata-glucane qui renforce la fonction immunitaire et favorise la sant\u00e9 cellulaire.<\/li>\n<li><strong>L\u2019ergothion\u00e9ine<\/strong> \u2013 Un puissant antioxydant qui prot\u00e8ge contre le stress oxydatif et le vieillissement.<\/li>\n<li><strong>B\u00eata-glucanes<\/strong> \u2013 Renforcent les d\u00e9fenses immunitaires et favorisent la sant\u00e9 intestinale.<\/li>\n<li><strong>Les st\u00e9rols<\/strong> contribuent \u00e0 r\u00e9guler le taux de cholest\u00e9rol et \u00e0 soutenir la sant\u00e9 cardiovasculaire.<\/li>\n<li><strong>Les polysaccharides<\/strong> contribuent \u00e0 la modulation immunitaire et \u00e0 l&rsquo;\u00e9quilibre m\u00e9tabolique.<\/li>\n<\/ul>\n<p><strong>Bienfaits pour la sant\u00e9<\/strong><\/p>\n<ul>\n<li><strong>Soutien immunitaire<\/strong> \u2013 Am\u00e9liore la r\u00e9ponse immunitaire, favorise les m\u00e9canismes de d\u00e9fense et prot\u00e8ge contre les infections.<\/li>\n<li><strong>Sant\u00e9 cardiaque<\/strong> \u2013 Contribue \u00e0 r\u00e9duire le cholest\u00e9rol, favorise la circulation sanguine et am\u00e9liore la fonction art\u00e9rielle.<\/li>\n<li><strong>Effets antioxydants et anti-inflammatoires<\/strong> \u2013 R\u00e9duit le stress oxydatif, favorise la sant\u00e9 cellulaire et combat l&rsquo;inflammation.<\/li>\n<li><strong>Sant\u00e9 intestinale et digestive<\/strong> \u2013 Favorise les bonnes bact\u00e9ries intestinales, facilite la digestion et soutient l&rsquo;\u00e9quilibre du microbiome.<\/li>\n<li><strong>D\u00e9toxification du foie<\/strong> \u2013 Soutient la fonction h\u00e9patique, favorise l\u2019\u00e9limination des toxines et am\u00e9liore les processus m\u00e9taboliques.<\/li>\n<li><strong>R\u00e9gulation de la glyc\u00e9mie<\/strong> \u2013 Contribue \u00e0 \u00e9quilibrer les niveaux de glucose et favorise la sensibilit\u00e9 \u00e0 l&rsquo;insuline.<\/li>\n<li><strong>Long\u00e9vit\u00e9 et vitalit\u00e9<\/strong> \u2013 Riche en nutriments essentiels qui favorisent le bien-\u00eatre g\u00e9n\u00e9ral et un vieillissement en bonne sant\u00e9.<\/li>\n<\/ul>\n<p>Le Shiitake est un champignon riche en nutriments qui favorise l&rsquo;immunit\u00e9, la sant\u00e9 cardiaque et la long\u00e9vit\u00e9.<\/p>\n<p>Chaque flacon contient 30 ml d&rsquo;extrait de corps fructif\u00e8re et ne contient pas d&rsquo;alcool.<\/p>\n<ul>\n<li style=\"list-style-type: none;\">\n<\/li>\n<\/ul>\n","protected":false},"featured_media":12852,"comment_status":"open","ping_status":"closed","template":"","meta":{"inline_featured_image":false,"_kad_blocks_custom_css":"","_kad_blocks_head_custom_js":"","_kad_blocks_body_custom_js":"","_kad_blocks_footer_custom_js":"","_price":"39.95","_stock":"","_tribe_ticket_header":"","_tribe_default_ticket_provider":"","_tribe_ticket_capacity":"","_ticket_start_date":"","_ticket_end_date":"","_tribe_ticket_show_description":"","_tribe_ticket_show_not_going":false,"_tribe_ticket_use_global_stock":"","_tribe_ticket_global_stock_level":"","_global_stock_mode":"","_global_stock_cap":"","_tribe_rsvp_for_event":"","_tribe_ticket_going_count":"","_tribe_ticket_not_going_count":"","_tribe_tickets_list":"[]","_tribe_ticket_has_attendee_info_fields":false,"_kad_post_transparent":"","_kad_post_title":"","_kad_post_layout":"","_kad_post_sidebar_id":"","_kad_post_content_style":"","_kad_post_vertical_padding":"","_kad_post_feature":"","_kad_post_feature_position":"","_kad_post_header":false,"_kad_post_footer":false,"_kad_post_classname":""},"product_brand":[],"product_cat":[90],"product_tag":[],"class_list":{"0":"post-12854","1":"product","2":"type-product","3":"status-publish","4":"has-post-thumbnail","6":"product_cat-extraits-de-champignons","8":"first","9":"instock","10":"taxable","11":"shipping-taxable","12":"purchasable","13":"product-type-simple","14":"entry","15":"content-bg","16":"loop-entry"},"taxonomy_info":{"product_cat":[{"value":90,"label":"Extraits de champignons"}]},"featured_image_src_large":["https:\/\/zamalia-experience.com\/wp-content\/uploads\/Shiitake-extract-30ml.webp",732,1024,false],"author_info":[],"comment_info":0,"_links":{"self":[{"href":"https:\/\/zamalia-experience.com\/fr\/wp-json\/wp\/v2\/product\/12854","targetHints":{"allow":["GET"]}}],"collection":[{"href":"https:\/\/zamalia-experience.com\/fr\/wp-json\/wp\/v2\/product"}],"about":[{"href":"https:\/\/zamalia-experience.com\/fr\/wp-json\/wp\/v2\/types\/product"}],"replies":[{"embeddable":true,"href":"https:\/\/zamalia-experience.com\/fr\/wp-json\/wp\/v2\/comments?post=12854"}],"wp:featuredmedia":[{"embeddable":true,"href":"https:\/\/zamalia-experience.com\/fr\/wp-json\/wp\/v2\/media\/12852"}],"wp:attachment":[{"href":"https:\/\/zamalia-experience.com\/fr\/wp-json\/wp\/v2\/media?parent=12854"}],"wp:term":[{"taxonomy":"product_brand","embeddable":true,"href":"https:\/\/zamalia-experience.com\/fr\/wp-json\/wp\/v2\/product_brand?post=12854"},{"taxonomy":"product_cat","embeddable":true,"href":"https:\/\/zamalia-experience.com\/fr\/wp-json\/wp\/v2\/product_cat?post=12854"},{"taxonomy":"product_tag","embeddable":true,"href":"https:\/\/zamalia-experience.com\/fr\/wp-json\/wp\/v2\/product_tag?post=12854"}],"curies":[{"name":"wp","href":"https:\/\/api.w.org\/{rel}","templated":true}]}}