{"id":12856,"date":"2026-02-17T13:39:01","date_gmt":"2026-02-17T11:39:01","guid":{"rendered":"https:\/\/zamalia-experience.com\/?post_type=product&#038;p=12856"},"modified":"2026-02-17T13:39:03","modified_gmt":"2026-02-17T11:39:03","slug":"tremella-extrait-30ml","status":"publish","type":"product","link":"https:\/\/zamalia-experience.com\/fr\/boutique\/extraits-de-champignons\/tremella-extrait-30ml\/","title":{"rendered":"Tremella extrait &#8211; 30ml"},"content":{"rendered":"","protected":false},"excerpt":{"rendered":"<p>Le tremella, connu sous le nom de \u00ab champignon de beaut\u00e9 \u00bb, est un champignon m\u00e9dicinal v\u00e9n\u00e9r\u00e9 et tr\u00e8s pris\u00e9 dans la m\u00e9decine traditionnelle asiatique. C\u00e9l\u00e9br\u00e9 pour ses effets hydratants, rajeunissants et revitalisants, le tremella favorise l&rsquo;\u00e9clat de la peau, la vitalit\u00e9 cellulaire et le bien-\u00eatre g\u00e9n\u00e9ral. <\/p>\n<h3><strong>Compos\u00e9s cl\u00e9s<\/strong><\/h3>\n<ul>\n<li><strong>Les polysaccharides<\/strong> hydratent la peau en profondeur, am\u00e9liorent la r\u00e9tention d&rsquo;eau et favorisent la sant\u00e9 cellulaire.<\/li>\n<li><strong>B\u00eata-glucanes<\/strong> \u2013 Renforcent l\u2019immunit\u00e9, \u00e9quilibrent l\u2019inflammation et soutiennent le microbiome intestinal.<\/li>\n<li><strong>Antioxydants<\/strong> \u2013 Neutralisent les radicaux libres, r\u00e9duisent le stress oxydatif et combattent le vieillissement pr\u00e9matur\u00e9.<\/li>\n<li><strong>Fibres alimentaires<\/strong> \u2013 Favorisent la sant\u00e9 digestive, stimulent la prolif\u00e9ration des bonnes bact\u00e9ries intestinales et \u00e9quilibrent le m\u00e9tabolisme.<\/li>\n<li><strong>Vitamines et min\u00e9raux<\/strong> \u2013 Riche en vitamine D, en min\u00e9raux essentiels et en nutriments pour la sant\u00e9 de la peau et la vitalit\u00e9 g\u00e9n\u00e9rale.<\/li>\n<\/ul>\n<h3><strong>Bienfaits pour la sant\u00e9<\/strong><\/h3>\n<ul>\n<li><strong>Hydratation et \u00e9clat de la peau<\/strong> \u2013 Hydrate la peau en profondeur, am\u00e9liore son \u00e9lasticit\u00e9 et favorise une apparence plus jeune.<\/li>\n<li><strong>Anti-\u00e2ge et rajeunissement cellulaire<\/strong> \u2013 Combat les dommages oxydatifs, favorise la production de collag\u00e8ne et am\u00e9liore la r\u00e9g\u00e9n\u00e9ration de la peau.<\/li>\n<li><strong>Soutien immunitaire et intestinal<\/strong> \u2013 Renforce les d\u00e9fenses immunitaires, maintient un microbiome sain et favorise le bien-\u00eatre digestif.<\/li>\n<li><strong>Effets antioxydants et anti-inflammatoires<\/strong> \u2013 R\u00e9duit l&rsquo;inflammation, prot\u00e8ge l&rsquo;int\u00e9grit\u00e9 cellulaire et am\u00e9liore la vitalit\u00e9 g\u00e9n\u00e9rale.<\/li>\n<li><strong>Sant\u00e9 c\u00e9r\u00e9brale et cognitive<\/strong> \u2013 Favorise la sant\u00e9 neurologique, les fonctions cognitives et la clart\u00e9 mentale.<\/li>\n<li><strong>\u00c9quilibre m\u00e9tabolique<\/strong> \u2013 Contribue au maintien d&rsquo;une glyc\u00e9mie saine, soutient le m\u00e9tabolisme et favorise l&rsquo;\u00e9quilibre \u00e9nerg\u00e9tique.<\/li>\n<li><strong>Beaut\u00e9 et long\u00e9vit\u00e9<\/strong> \u2013 Nourrit de l&rsquo;int\u00e9rieur, favorisant la beaut\u00e9, le bien-\u00eatre et une long\u00e9vit\u00e9 rayonnante.<\/li>\n<\/ul>\n<p>Le Tr\u00e9mella est un champignon luxueux, riche en nutriments, qui hydrate la peau en profondeur, r\u00e9g\u00e9n\u00e8re les cellules et am\u00e9liore la vitalit\u00e9 et la beaut\u00e9 g\u00e9n\u00e9rales.<\/p>\n<p>Chaque flacon contient 30 ml d&rsquo;extrait de corps fructif\u00e8re et ne contient pas d&rsquo;alcool.<\/p>\n","protected":false},"featured_media":12855,"comment_status":"open","ping_status":"closed","template":"","meta":{"inline_featured_image":false,"_kad_blocks_custom_css":"","_kad_blocks_head_custom_js":"","_kad_blocks_body_custom_js":"","_kad_blocks_footer_custom_js":"","_price":"39.95","_stock":"","_tribe_ticket_header":"","_tribe_default_ticket_provider":"","_tribe_ticket_capacity":"","_ticket_start_date":"","_ticket_end_date":"","_tribe_ticket_show_description":"","_tribe_ticket_show_not_going":false,"_tribe_ticket_use_global_stock":"","_tribe_ticket_global_stock_level":"","_global_stock_mode":"","_global_stock_cap":"","_tribe_rsvp_for_event":"","_tribe_ticket_going_count":"","_tribe_ticket_not_going_count":"","_tribe_tickets_list":"[]","_tribe_ticket_has_attendee_info_fields":false,"_kad_post_transparent":"","_kad_post_title":"","_kad_post_layout":"","_kad_post_sidebar_id":"","_kad_post_content_style":"","_kad_post_vertical_padding":"","_kad_post_feature":"","_kad_post_feature_position":"","_kad_post_header":false,"_kad_post_footer":false,"_kad_post_classname":""},"product_brand":[],"product_cat":[90],"product_tag":[],"class_list":{"0":"post-12856","1":"product","2":"type-product","3":"status-publish","4":"has-post-thumbnail","6":"product_cat-extraits-de-champignons","8":"first","9":"instock","10":"taxable","11":"shipping-taxable","12":"purchasable","13":"product-type-simple","14":"entry","15":"content-bg","16":"loop-entry"},"taxonomy_info":{"product_cat":[{"value":90,"label":"Extraits de champignons"}]},"featured_image_src_large":["https:\/\/zamalia-experience.com\/wp-content\/uploads\/Tremella-extract-30ml.webp",732,1024,false],"author_info":[],"comment_info":0,"_links":{"self":[{"href":"https:\/\/zamalia-experience.com\/fr\/wp-json\/wp\/v2\/product\/12856","targetHints":{"allow":["GET"]}}],"collection":[{"href":"https:\/\/zamalia-experience.com\/fr\/wp-json\/wp\/v2\/product"}],"about":[{"href":"https:\/\/zamalia-experience.com\/fr\/wp-json\/wp\/v2\/types\/product"}],"replies":[{"embeddable":true,"href":"https:\/\/zamalia-experience.com\/fr\/wp-json\/wp\/v2\/comments?post=12856"}],"wp:featuredmedia":[{"embeddable":true,"href":"https:\/\/zamalia-experience.com\/fr\/wp-json\/wp\/v2\/media\/12855"}],"wp:attachment":[{"href":"https:\/\/zamalia-experience.com\/fr\/wp-json\/wp\/v2\/media?parent=12856"}],"wp:term":[{"taxonomy":"product_brand","embeddable":true,"href":"https:\/\/zamalia-experience.com\/fr\/wp-json\/wp\/v2\/product_brand?post=12856"},{"taxonomy":"product_cat","embeddable":true,"href":"https:\/\/zamalia-experience.com\/fr\/wp-json\/wp\/v2\/product_cat?post=12856"},{"taxonomy":"product_tag","embeddable":true,"href":"https:\/\/zamalia-experience.com\/fr\/wp-json\/wp\/v2\/product_tag?post=12856"}],"curies":[{"name":"wp","href":"https:\/\/api.w.org\/{rel}","templated":true}]}}