{"id":12858,"date":"2026-02-17T13:38:57","date_gmt":"2026-02-17T11:38:57","guid":{"rendered":"https:\/\/zamalia-experience.com\/?post_type=product&#038;p=12858"},"modified":"2026-02-17T13:38:58","modified_gmt":"2026-02-17T11:38:58","slug":"maitake-extrait-30ml","status":"publish","type":"product","link":"https:\/\/zamalia-experience.com\/fr\/boutique\/extraits-de-champignons\/maitake-extrait-30ml\/","title":{"rendered":"Maitake extrait &#8211; 30ml"},"content":{"rendered":"","protected":false},"excerpt":{"rendered":"<p>Le Maitake, aussi appel\u00e9 \u00ab champignon dansant \u00bb, est un champignon m\u00e9dicinal et culinaire tr\u00e8s pris\u00e9 dans la m\u00e9decine traditionnelle orientale. R\u00e9put\u00e9 pour ses bienfaits sur le syst\u00e8me immunitaire, l&rsquo;\u00e9quilibre m\u00e9tabolique et la vitalit\u00e9, le maitake est consid\u00e9r\u00e9 comme un atout pr\u00e9cieux pour une sant\u00e9 optimale et une longue vie. <\/p>\n<h3><strong>Compos\u00e9s cl\u00e9s<\/strong><\/h3>\n<ul>\n<li><strong>Grifolan <\/strong>\u2013 Un b\u00eata-glucane puissant reconnu pour sa modulation immunitaire et sa protection cellulaire.<\/li>\n<li><strong>Les b\u00eata-glucanes<\/strong> \u2013 am\u00e9liorent la r\u00e9ponse immunitaire, soutiennent le microbiome intestinal et maintiennent la sant\u00e9 m\u00e9tabolique.<\/li>\n<li><strong>Les polysaccharides<\/strong> favorisent un fonctionnement immunitaire \u00e9quilibr\u00e9, contribuent \u00e0 la gestion de la glyc\u00e9mie et am\u00e9liorent le bien-\u00eatre g\u00e9n\u00e9ral.<\/li>\n<li><strong>Les antioxydants<\/strong> combattent le stress oxydatif, prot\u00e8gent les cellules du vieillissement et contribuent \u00e0 la vitalit\u00e9 g\u00e9n\u00e9rale.<\/li>\n<li><strong>Les st\u00e9rols<\/strong> contribuent \u00e0 la r\u00e9gulation du cholest\u00e9rol, favorisent la sant\u00e9 cardiovasculaire et \u00e9quilibrent le m\u00e9tabolisme.<\/li>\n<\/ul>\n<h3><strong>Bienfaits pour la sant\u00e9<\/strong><\/h3>\n<ul>\n<li><strong>Renforcement du syst\u00e8me immunitaire<\/strong> \u2013 Am\u00e9liore la fonction immunitaire, renforce la d\u00e9fense contre les infections et soutient l\u2019immunit\u00e9 globale.<\/li>\n<li><strong>\u00c9quilibre m\u00e9tabolique<\/strong> \u2013 Aide \u00e0 r\u00e9guler la glyc\u00e9mie, favorise la sensibilit\u00e9 \u00e0 l&rsquo;insuline et contribue \u00e0 une gestion saine du poids.<\/li>\n<li><strong>Sant\u00e9 cardiaque<\/strong> \u2013 Contribue \u00e0 r\u00e9duire le taux de cholest\u00e9rol, favorise une bonne circulation sanguine et am\u00e9liore la fonction cardiovasculaire.<\/li>\n<li><strong>Bien-\u00eatre digestif<\/strong> \u2013 Favorise une flore intestinale b\u00e9n\u00e9fique, facilite la digestion et maintient l\u2019harmonie du microbiome.<\/li>\n<li><strong>Protection anti-inflammatoire et antioxydante<\/strong> \u2013 R\u00e9duit l&rsquo;inflammation, prot\u00e8ge les cellules des dommages oxydatifs et am\u00e9liore la vitalit\u00e9.<\/li>\n<li><strong>\u00c9quilibre hormonal<\/strong> \u2013 Soutient la fonction endocrinienne, favorisant la sant\u00e9 hormonale et la stabilit\u00e9 m\u00e9tabolique.<\/li>\n<li><strong>\u00c9nergie et long\u00e9vit\u00e9<\/strong> \u2013 Apporte des nutriments essentiels qui am\u00e9liorent la vitalit\u00e9, favorisent le bien-\u00eatre g\u00e9n\u00e9ral et contribuent \u00e0 un vieillissement en bonne sant\u00e9.<\/li>\n<\/ul>\n<p>Le Maitake est un champignon puissant, riche en nutriments qui renforcent l&rsquo;immunit\u00e9, \u00e9quilibrent le m\u00e9tabolisme et favorisent une long\u00e9vit\u00e9 dynamique.<\/p>\n<p>Chaque flacon contient 30 ml d&rsquo;extrait de corps fructif\u00e8re et ne contient pas d&rsquo;alcool.<\/p>\n","protected":false},"featured_media":12857,"comment_status":"open","ping_status":"closed","template":"","meta":{"inline_featured_image":false,"_kad_blocks_custom_css":"","_kad_blocks_head_custom_js":"","_kad_blocks_body_custom_js":"","_kad_blocks_footer_custom_js":"","_price":"39.95","_stock":"","_tribe_ticket_header":"","_tribe_default_ticket_provider":"","_tribe_ticket_capacity":"","_ticket_start_date":"","_ticket_end_date":"","_tribe_ticket_show_description":"","_tribe_ticket_show_not_going":false,"_tribe_ticket_use_global_stock":"","_tribe_ticket_global_stock_level":"","_global_stock_mode":"","_global_stock_cap":"","_tribe_rsvp_for_event":"","_tribe_ticket_going_count":"","_tribe_ticket_not_going_count":"","_tribe_tickets_list":"[]","_tribe_ticket_has_attendee_info_fields":false,"_kad_post_transparent":"","_kad_post_title":"","_kad_post_layout":"","_kad_post_sidebar_id":"","_kad_post_content_style":"","_kad_post_vertical_padding":"","_kad_post_feature":"","_kad_post_feature_position":"","_kad_post_header":false,"_kad_post_footer":false,"_kad_post_classname":""},"product_brand":[],"product_cat":[90],"product_tag":[],"class_list":{"0":"post-12858","1":"product","2":"type-product","3":"status-publish","4":"has-post-thumbnail","6":"product_cat-extraits-de-champignons","8":"first","9":"instock","10":"taxable","11":"shipping-taxable","12":"purchasable","13":"product-type-simple","14":"entry","15":"content-bg","16":"loop-entry"},"taxonomy_info":{"product_cat":[{"value":90,"label":"Extraits de champignons"}]},"featured_image_src_large":["https:\/\/zamalia-experience.com\/wp-content\/uploads\/Maaike-extract-30ml.webp",732,1024,false],"author_info":[],"comment_info":0,"_links":{"self":[{"href":"https:\/\/zamalia-experience.com\/fr\/wp-json\/wp\/v2\/product\/12858","targetHints":{"allow":["GET"]}}],"collection":[{"href":"https:\/\/zamalia-experience.com\/fr\/wp-json\/wp\/v2\/product"}],"about":[{"href":"https:\/\/zamalia-experience.com\/fr\/wp-json\/wp\/v2\/types\/product"}],"replies":[{"embeddable":true,"href":"https:\/\/zamalia-experience.com\/fr\/wp-json\/wp\/v2\/comments?post=12858"}],"wp:featuredmedia":[{"embeddable":true,"href":"https:\/\/zamalia-experience.com\/fr\/wp-json\/wp\/v2\/media\/12857"}],"wp:attachment":[{"href":"https:\/\/zamalia-experience.com\/fr\/wp-json\/wp\/v2\/media?parent=12858"}],"wp:term":[{"taxonomy":"product_brand","embeddable":true,"href":"https:\/\/zamalia-experience.com\/fr\/wp-json\/wp\/v2\/product_brand?post=12858"},{"taxonomy":"product_cat","embeddable":true,"href":"https:\/\/zamalia-experience.com\/fr\/wp-json\/wp\/v2\/product_cat?post=12858"},{"taxonomy":"product_tag","embeddable":true,"href":"https:\/\/zamalia-experience.com\/fr\/wp-json\/wp\/v2\/product_tag?post=12858"}],"curies":[{"name":"wp","href":"https:\/\/api.w.org\/{rel}","templated":true}]}}