{"id":12860,"date":"2026-02-17T13:38:34","date_gmt":"2026-02-17T11:38:34","guid":{"rendered":"https:\/\/zamalia-experience.com\/?post_type=product&#038;p=12860"},"modified":"2026-02-17T13:38:35","modified_gmt":"2026-02-17T11:38:35","slug":"agaricus-blazei-extrait-30ml","status":"publish","type":"product","link":"https:\/\/zamalia-experience.com\/fr\/boutique\/extraits-de-champignons\/agaricus-blazei-extrait-30ml\/","title":{"rendered":"Agaricus Blazei extrait &#8211; 30ml"},"content":{"rendered":"","protected":false},"excerpt":{"rendered":"<p>L\u2019Agaricus Blazei, aussi appel\u00e9 \u00ab champignon de vie \u00bb, est un champignon m\u00e9dicinal tr\u00e8s pris\u00e9 dans la m\u00e9decine traditionnelle du monde entier. Reconnu pour ses puissantes propri\u00e9t\u00e9s immunostimulantes, antioxydantes et r\u00e9g\u00e9n\u00e9ratrices, l\u2019Agaricus Blazei favorise la vitalit\u00e9, la long\u00e9vit\u00e9 et le bien-\u00eatre g\u00e9n\u00e9ral.<\/p>\n<h3><strong>Compos\u00e9s cl\u00e9s<\/strong><\/h3>\n<ul>\n<li><strong>Les b\u00eata-glucanes<\/strong> stimulent les r\u00e9ponses immunitaires, renforcent les m\u00e9canismes de d\u00e9fense et favorisent la sant\u00e9 cellulaire.<\/li>\n<li><strong>Les polysaccharides<\/strong> \u2013 renforcent l\u2019immunit\u00e9, r\u00e9gulent l\u2019inflammation et favorisent l\u2019\u00e9quilibre m\u00e9tabolique.<\/li>\n<li><strong>L\u2019ergost\u00e9rol<\/strong> \u2013 Favorise la sant\u00e9 cardiovasculaire, aide \u00e0 la gestion du cholest\u00e9rol et maintient l\u2019harmonie m\u00e9tabolique.<\/li>\n<li><strong>Les antioxydants<\/strong> combattent le stress oxydatif, prot\u00e8gent contre le vieillissement cellulaire et favorisent la vitalit\u00e9 g\u00e9n\u00e9rale.<\/li>\n<li><strong>Fibres alimentaires<\/strong> \u2013 Am\u00e9liorent la sant\u00e9 digestive, \u00e9quilibrent la flore intestinale et soutiennent les processus m\u00e9taboliques.<\/li>\n<\/ul>\n<h3><strong>Bienfaits pour la sant\u00e9<\/strong><\/h3>\n<ul>\n<li><strong>Renforcement du syst\u00e8me immunitaire<\/strong> \u2013 Consolide les d\u00e9fenses naturelles, stimule la r\u00e9sistance immunitaire et aide \u00e0 prot\u00e9ger contre les infections.<\/li>\n<li><strong>Soutien antioxydant et anti-inflammatoire<\/strong> \u2013 R\u00e9duit l&rsquo;inflammation, neutralise les radicaux libres et favorise le rajeunissement cellulaire.<\/li>\n<li><strong>Sant\u00e9 cardiovasculaire<\/strong> \u2013 Contribue \u00e0 la r\u00e9gulation du cholest\u00e9rol, favorise la circulation sanguine et contribue \u00e0 la sant\u00e9 cardiaque.<\/li>\n<li><strong>\u00c9quilibre de la glyc\u00e9mie<\/strong> \u2013 Favorise un m\u00e9tabolisme sain du glucose et une meilleure sensibilit\u00e9 \u00e0 l&rsquo;insuline.<\/li>\n<li><strong>Bien-\u00eatre digestif<\/strong> \u2013 Am\u00e9liore l\u2019\u00e9quilibre du microbiome intestinal, facilite la digestion et favorise l\u2019absorption des nutriments.<\/li>\n<li><strong>Protection du foie <\/strong>\u2013 Soutient la fonction h\u00e9patique, favorise la d\u00e9toxification et contribue \u00e0 la sant\u00e9 m\u00e9tabolique.<\/li>\n<li><strong>Vitalit\u00e9 et long\u00e9vit\u00e9<\/strong> \u2013 Riche en nutriments essentiels qui am\u00e9liorent la sant\u00e9 globale, la vitalit\u00e9 et le vieillissement en bonne sant\u00e9.<\/li>\n<\/ul>\n<p>L\u2019Agaricus Blazei est un champignon riche en nutriments qui soutient efficacement l\u2019immunit\u00e9, la sant\u00e9 cellulaire et une long\u00e9vit\u00e9 dynamique.<\/p>\n<p>Chaque flacon contient 30 ml d&rsquo;extrait de corps fructif\u00e8re et ne contient pas d&rsquo;alcool.<\/p>\n","protected":false},"featured_media":12859,"comment_status":"open","ping_status":"closed","template":"","meta":{"inline_featured_image":false,"_kad_blocks_custom_css":"","_kad_blocks_head_custom_js":"","_kad_blocks_body_custom_js":"","_kad_blocks_footer_custom_js":"","_price":"39.95","_stock":"","_tribe_ticket_header":"","_tribe_default_ticket_provider":"","_tribe_ticket_capacity":"","_ticket_start_date":"","_ticket_end_date":"","_tribe_ticket_show_description":"","_tribe_ticket_show_not_going":false,"_tribe_ticket_use_global_stock":"","_tribe_ticket_global_stock_level":"","_global_stock_mode":"","_global_stock_cap":"","_tribe_rsvp_for_event":"","_tribe_ticket_going_count":"","_tribe_ticket_not_going_count":"","_tribe_tickets_list":"[]","_tribe_ticket_has_attendee_info_fields":false,"_kad_post_transparent":"default","_kad_post_title":"","_kad_post_layout":"default","_kad_post_sidebar_id":"","_kad_post_content_style":"default","_kad_post_vertical_padding":"default","_kad_post_feature":"","_kad_post_feature_position":"","_kad_post_header":false,"_kad_post_footer":false,"_kad_post_classname":""},"product_brand":[],"product_cat":[90],"product_tag":[],"class_list":{"0":"post-12860","1":"product","2":"type-product","3":"status-publish","4":"has-post-thumbnail","6":"product_cat-extraits-de-champignons","8":"first","9":"instock","10":"taxable","11":"shipping-taxable","12":"purchasable","13":"product-type-simple","14":"entry","15":"content-bg","16":"loop-entry"},"taxonomy_info":{"product_cat":[{"value":90,"label":"Extraits de champignons"}]},"featured_image_src_large":["https:\/\/zamalia-experience.com\/wp-content\/uploads\/Agaricus-Blazei-extract-30ml.webp",732,1024,false],"author_info":[],"comment_info":0,"_links":{"self":[{"href":"https:\/\/zamalia-experience.com\/fr\/wp-json\/wp\/v2\/product\/12860","targetHints":{"allow":["GET"]}}],"collection":[{"href":"https:\/\/zamalia-experience.com\/fr\/wp-json\/wp\/v2\/product"}],"about":[{"href":"https:\/\/zamalia-experience.com\/fr\/wp-json\/wp\/v2\/types\/product"}],"replies":[{"embeddable":true,"href":"https:\/\/zamalia-experience.com\/fr\/wp-json\/wp\/v2\/comments?post=12860"}],"wp:featuredmedia":[{"embeddable":true,"href":"https:\/\/zamalia-experience.com\/fr\/wp-json\/wp\/v2\/media\/12859"}],"wp:attachment":[{"href":"https:\/\/zamalia-experience.com\/fr\/wp-json\/wp\/v2\/media?parent=12860"}],"wp:term":[{"taxonomy":"product_brand","embeddable":true,"href":"https:\/\/zamalia-experience.com\/fr\/wp-json\/wp\/v2\/product_brand?post=12860"},{"taxonomy":"product_cat","embeddable":true,"href":"https:\/\/zamalia-experience.com\/fr\/wp-json\/wp\/v2\/product_cat?post=12860"},{"taxonomy":"product_tag","embeddable":true,"href":"https:\/\/zamalia-experience.com\/fr\/wp-json\/wp\/v2\/product_tag?post=12860"}],"curies":[{"name":"wp","href":"https:\/\/api.w.org\/{rel}","templated":true}]}}