{"id":1451,"date":"2024-04-24T16:56:14","date_gmt":"2024-04-24T14:56:14","guid":{"rendered":"https:\/\/zamalia-experience.com\/?post_type=product&#038;p=1451"},"modified":"2025-05-14T15:40:20","modified_gmt":"2025-05-14T13:40:20","slug":"extrait-de-guayusa-10ml","status":"publish","type":"product","link":"https:\/\/zamalia-experience.com\/fr\/boutique\/extraits-de-plantes\/extrait-de-guayusa-10ml\/","title":{"rendered":"Extrait de Guayusa 10ml"},"content":{"rendered":"","protected":false},"excerpt":{"rendered":"<p>Guayusa : Un don \u00e9nergisant de l&rsquo;Amazonie<\/p>\n<p>D\u00e9couvrez notre Guayusa, obtenu \u00e0 partir des feuilles de l&rsquo;arbre Ilex guayusa, un tr\u00e9sor indig\u00e8ne du c\u0153ur de la for\u00eat amazonienne. Depuis des g\u00e9n\u00e9rations, les communaut\u00e9s indig\u00e8nes croient au pouvoir \u00e9nerg\u00e9tique du Guayusa, consid\u00e9r\u00e9 comme une herbe sacr\u00e9e qui symbolise une connexion harmonieuse avec la nature.<\/p>\n<p>La particularit\u00e9 de la Guayusa est qu&rsquo;elle contient une source naturelle de caf\u00e9ine, ainsi que des antioxydants et de la L-th\u00e9anine. Notre Guayusa est r\u00e9colt\u00e9 de mani\u00e8re responsable, en respectant les m\u00e9thodes traditionnelles, afin de pr\u00e9server la qualit\u00e9 et la puret\u00e9 de cet \u00e9lixir naturel. Le r\u00e9sultat est une teinture savoureuse et puissante qui peut facilement \u00eatre ajout\u00e9e \u00e0 diverses boissons et m\u00e9langes.<\/p>\n<p>La consommation de Guayusa est souvent associ\u00e9e \u00e0 des rituels et \u00e0 des pratiques spirituelles qui favorisent un sentiment de connexion avec l&rsquo;\u00e9cosyst\u00e8me naturel. Savourez notre teinture de Guayusa et laissez-vous inspirer par la sagesse de l&rsquo;Amazonie pour embrasser la vie en toute harmonie.<\/p>\n","protected":false},"featured_media":1414,"comment_status":"closed","ping_status":"closed","template":"","meta":{"inline_featured_image":false,"_kad_blocks_custom_css":"","_kad_blocks_head_custom_js":"","_kad_blocks_body_custom_js":"","_kad_blocks_footer_custom_js":"","_price":"14.95","_stock":null,"_tribe_ticket_header":"","_tribe_default_ticket_provider":"","_tribe_ticket_capacity":"0","_ticket_start_date":"","_ticket_end_date":"","_tribe_ticket_show_description":"","_tribe_ticket_show_not_going":false,"_tribe_ticket_use_global_stock":"","_tribe_ticket_global_stock_level":"","_global_stock_mode":"","_global_stock_cap":"","_tribe_rsvp_for_event":"","_tribe_ticket_going_count":"","_tribe_ticket_not_going_count":"","_tribe_tickets_list":"[]","_tribe_ticket_has_attendee_info_fields":false,"_kad_post_transparent":"default","_kad_post_title":"","_kad_post_layout":"default","_kad_post_sidebar_id":"","_kad_post_content_style":"default","_kad_post_vertical_padding":"default","_kad_post_feature":"","_kad_post_feature_position":"","_kad_post_header":false,"_kad_post_footer":false,"_kad_post_classname":""},"product_brand":[],"product_cat":[93],"product_tag":[],"class_list":{"0":"post-1451","1":"product","2":"type-product","3":"status-publish","4":"has-post-thumbnail","6":"product_cat-extraits-de-plantes","8":"first","9":"outofstock","10":"taxable","11":"shipping-taxable","12":"purchasable","13":"product-type-simple","14":"entry","15":"content-bg","16":"loop-entry"},"taxonomy_info":{"product_cat":[{"value":93,"label":"Extraits de plantes"}]},"featured_image_src_large":["https:\/\/zamalia-experience.com\/wp-content\/uploads\/guayusa-extract-10ml.webp",500,500,false],"author_info":[],"comment_info":0,"_links":{"self":[{"href":"https:\/\/zamalia-experience.com\/fr\/wp-json\/wp\/v2\/product\/1451","targetHints":{"allow":["GET"]}}],"collection":[{"href":"https:\/\/zamalia-experience.com\/fr\/wp-json\/wp\/v2\/product"}],"about":[{"href":"https:\/\/zamalia-experience.com\/fr\/wp-json\/wp\/v2\/types\/product"}],"replies":[{"embeddable":true,"href":"https:\/\/zamalia-experience.com\/fr\/wp-json\/wp\/v2\/comments?post=1451"}],"wp:featuredmedia":[{"embeddable":true,"href":"https:\/\/zamalia-experience.com\/fr\/wp-json\/wp\/v2\/media\/1414"}],"wp:attachment":[{"href":"https:\/\/zamalia-experience.com\/fr\/wp-json\/wp\/v2\/media?parent=1451"}],"wp:term":[{"taxonomy":"product_brand","embeddable":true,"href":"https:\/\/zamalia-experience.com\/fr\/wp-json\/wp\/v2\/product_brand?post=1451"},{"taxonomy":"product_cat","embeddable":true,"href":"https:\/\/zamalia-experience.com\/fr\/wp-json\/wp\/v2\/product_cat?post=1451"},{"taxonomy":"product_tag","embeddable":true,"href":"https:\/\/zamalia-experience.com\/fr\/wp-json\/wp\/v2\/product_tag?post=1451"}],"curies":[{"name":"wp","href":"https:\/\/api.w.org\/{rel}","templated":true}]}}