{"id":1453,"date":"2024-04-24T16:56:14","date_gmt":"2024-04-24T14:56:14","guid":{"rendered":"https:\/\/zamalia-experience.com\/?post_type=product&#038;p=1453"},"modified":"2024-04-25T14:03:34","modified_gmt":"2024-04-25T14:03:34","slug":"guarana-50-grammes","status":"publish","type":"product","link":"https:\/\/zamalia-experience.com\/fr\/boutique\/extraits-de-plantes\/guarana-50-grammes\/","title":{"rendered":"Guarana &#8211; 50 grammes"},"content":{"rendered":"","protected":false},"excerpt":{"rendered":"<p>Le guarana (Paullinia Cupana) est une plante verte grimpante que l&rsquo;on trouve dans la r\u00e9gion amazonienne, en particulier au Br\u00e9sil. Les baies et les graines brun-rouge de cette plante sont utilis\u00e9es depuis des si\u00e8cles par les tribus indig\u00e8nes pour chasser ou se battre contre d&rsquo;autres tribus. En fait, la plante est si importante pour certaines tribus qu&rsquo;elle est devenue un \u00e9l\u00e9ment crucial de leur existence et de leur culture. Outre sa valeur symbolique, la plante poss\u00e8de \u00e9galement des propri\u00e9t\u00e9s stimulantes en raison de sa forte teneur en caf\u00e9ine.<\/p>\n<p>Le guarana contient 4 \u00e0 6 fois plus de caf\u00e9ine que la plus c\u00e9l\u00e8bre des bombes de caf\u00e9ine : le caf\u00e9. Pourtant, les effets ne sont pas exactement les m\u00eames : alors que le caf\u00e9 procure un pic de caf\u00e9ine rapide, le Guarana absorbe la substance de mani\u00e8re plus progressive. Cela signifie que les effets restent perceptibles pendant une p\u00e9riode plus longue et qu&rsquo;il y a moins de baisse, ce qui donne plus d&rsquo;\u00e9nergie et une meilleure concentration, et favorise de meilleures performances dans le sport, les \u00e9tudes ou le travail. Le guarana est \u00e9galement un produit populaire pour soutenir un r\u00e9gime, car il est rempli d&rsquo;antioxydants sains et poss\u00e8de une l\u00e9g\u00e8re propri\u00e9t\u00e9 coupe-faim.<\/p>\n","protected":false},"featured_media":1411,"comment_status":"closed","ping_status":"closed","template":"","meta":{"inline_featured_image":false,"_kad_blocks_custom_css":"","_kad_blocks_head_custom_js":"","_kad_blocks_body_custom_js":"","_kad_blocks_footer_custom_js":"","_price":"9.95","_stock":null,"_tribe_ticket_header":"","_tribe_default_ticket_provider":"","_tribe_ticket_capacity":"0","_ticket_start_date":"","_ticket_end_date":"","_tribe_ticket_show_description":"","_tribe_ticket_show_not_going":false,"_tribe_ticket_use_global_stock":"","_tribe_ticket_global_stock_level":"","_global_stock_mode":"","_global_stock_cap":"","_tribe_rsvp_for_event":"","_tribe_ticket_going_count":"","_tribe_ticket_not_going_count":"","_tribe_tickets_list":"[]","_tribe_ticket_has_attendee_info_fields":false,"_kad_post_transparent":"default","_kad_post_title":"","_kad_post_layout":"default","_kad_post_sidebar_id":"","_kad_post_content_style":"default","_kad_post_vertical_padding":"default","_kad_post_feature":"","_kad_post_feature_position":"","_kad_post_header":false,"_kad_post_footer":false,"_kad_post_classname":""},"product_brand":[],"product_cat":[93],"product_tag":[],"class_list":{"0":"post-1453","1":"product","2":"type-product","3":"status-publish","4":"has-post-thumbnail","6":"product_cat-extraits-de-plantes","8":"first","9":"outofstock","10":"taxable","11":"shipping-taxable","12":"purchasable","13":"product-type-simple","14":"entry","15":"content-bg","16":"loop-entry"},"taxonomy_info":{"product_cat":[{"value":93,"label":"Extraits de plantes"}]},"featured_image_src_large":["https:\/\/zamalia-experience.com\/wp-content\/uploads\/Guarana_-_50_gram.webp",500,500,false],"author_info":[],"comment_info":0,"_links":{"self":[{"href":"https:\/\/zamalia-experience.com\/fr\/wp-json\/wp\/v2\/product\/1453","targetHints":{"allow":["GET"]}}],"collection":[{"href":"https:\/\/zamalia-experience.com\/fr\/wp-json\/wp\/v2\/product"}],"about":[{"href":"https:\/\/zamalia-experience.com\/fr\/wp-json\/wp\/v2\/types\/product"}],"replies":[{"embeddable":true,"href":"https:\/\/zamalia-experience.com\/fr\/wp-json\/wp\/v2\/comments?post=1453"}],"wp:featuredmedia":[{"embeddable":true,"href":"https:\/\/zamalia-experience.com\/fr\/wp-json\/wp\/v2\/media\/1411"}],"wp:attachment":[{"href":"https:\/\/zamalia-experience.com\/fr\/wp-json\/wp\/v2\/media?parent=1453"}],"wp:term":[{"taxonomy":"product_brand","embeddable":true,"href":"https:\/\/zamalia-experience.com\/fr\/wp-json\/wp\/v2\/product_brand?post=1453"},{"taxonomy":"product_cat","embeddable":true,"href":"https:\/\/zamalia-experience.com\/fr\/wp-json\/wp\/v2\/product_cat?post=1453"},{"taxonomy":"product_tag","embeddable":true,"href":"https:\/\/zamalia-experience.com\/fr\/wp-json\/wp\/v2\/product_tag?post=1453"}],"curies":[{"name":"wp","href":"https:\/\/api.w.org\/{rel}","templated":true}]}}