{"id":1456,"date":"2024-04-24T16:56:14","date_gmt":"2024-04-24T14:56:14","guid":{"rendered":"https:\/\/zamalia-experience.com\/?post_type=product&#038;p=1456"},"modified":"2024-04-25T13:36:44","modified_gmt":"2024-04-25T13:36:44","slug":"ginkgo-biloba-50-grammes","status":"publish","type":"product","link":"https:\/\/zamalia-experience.com\/fr\/boutique\/extraits-de-plantes\/ginkgo-biloba-50-grammes\/","title":{"rendered":"Ginkgo Biloba &#8211; 50 grammes"},"content":{"rendered":"","protected":false},"excerpt":{"rendered":"<p>Le Ginkgo Biloba, ou arbre du temple japonais, est consid\u00e9r\u00e9 comme l&rsquo;esp\u00e8ce d&rsquo;arbre la plus ancienne au monde et est utilis\u00e9 comme agent m\u00e9dicinal depuis des milliers d&rsquo;ann\u00e9es. Bien qu&rsquo;il ne soit plus pr\u00e9sent \u00e0 l&rsquo;\u00e9tat sauvage, il est toujours cultiv\u00e9 et a une grande valeur symbolique en Asie. En Europe, le ginkgo est surtout connu comme un puissant superaliment, car il est riche en antioxydants et favorise la circulation sanguine, la concentration mentale et la m\u00e9moire.<\/p>\n","protected":false},"featured_media":1408,"comment_status":"closed","ping_status":"closed","template":"","meta":{"inline_featured_image":false,"_kad_blocks_custom_css":"","_kad_blocks_head_custom_js":"","_kad_blocks_body_custom_js":"","_kad_blocks_footer_custom_js":"","_price":"9.95","_stock":null,"_tribe_ticket_header":"","_tribe_default_ticket_provider":"","_tribe_ticket_capacity":"0","_ticket_start_date":"","_ticket_end_date":"","_tribe_ticket_show_description":"","_tribe_ticket_show_not_going":false,"_tribe_ticket_use_global_stock":"","_tribe_ticket_global_stock_level":"","_global_stock_mode":"","_global_stock_cap":"","_tribe_rsvp_for_event":"","_tribe_ticket_going_count":"","_tribe_ticket_not_going_count":"","_tribe_tickets_list":"[]","_tribe_ticket_has_attendee_info_fields":false,"_kad_post_transparent":"default","_kad_post_title":"","_kad_post_layout":"default","_kad_post_sidebar_id":"","_kad_post_content_style":"default","_kad_post_vertical_padding":"default","_kad_post_feature":"","_kad_post_feature_position":"","_kad_post_header":false,"_kad_post_footer":false,"_kad_post_classname":""},"product_brand":[],"product_cat":[93],"product_tag":[],"class_list":{"0":"post-1456","1":"product","2":"type-product","3":"status-publish","4":"has-post-thumbnail","6":"product_cat-extraits-de-plantes","8":"first","9":"outofstock","10":"taxable","11":"shipping-taxable","12":"purchasable","13":"product-type-simple","14":"entry","15":"content-bg","16":"loop-entry"},"taxonomy_info":{"product_cat":[{"value":93,"label":"Extraits de plantes"}]},"featured_image_src_large":["https:\/\/zamalia-experience.com\/wp-content\/uploads\/Ginkgo_Biloba_-_50_gram.webp",500,500,false],"author_info":[],"comment_info":0,"_links":{"self":[{"href":"https:\/\/zamalia-experience.com\/fr\/wp-json\/wp\/v2\/product\/1456","targetHints":{"allow":["GET"]}}],"collection":[{"href":"https:\/\/zamalia-experience.com\/fr\/wp-json\/wp\/v2\/product"}],"about":[{"href":"https:\/\/zamalia-experience.com\/fr\/wp-json\/wp\/v2\/types\/product"}],"replies":[{"embeddable":true,"href":"https:\/\/zamalia-experience.com\/fr\/wp-json\/wp\/v2\/comments?post=1456"}],"wp:featuredmedia":[{"embeddable":true,"href":"https:\/\/zamalia-experience.com\/fr\/wp-json\/wp\/v2\/media\/1408"}],"wp:attachment":[{"href":"https:\/\/zamalia-experience.com\/fr\/wp-json\/wp\/v2\/media?parent=1456"}],"wp:term":[{"taxonomy":"product_brand","embeddable":true,"href":"https:\/\/zamalia-experience.com\/fr\/wp-json\/wp\/v2\/product_brand?post=1456"},{"taxonomy":"product_cat","embeddable":true,"href":"https:\/\/zamalia-experience.com\/fr\/wp-json\/wp\/v2\/product_cat?post=1456"},{"taxonomy":"product_tag","embeddable":true,"href":"https:\/\/zamalia-experience.com\/fr\/wp-json\/wp\/v2\/product_tag?post=1456"}],"curies":[{"name":"wp","href":"https:\/\/api.w.org\/{rel}","templated":true}]}}