{"id":1459,"date":"2024-04-24T16:56:15","date_gmt":"2024-04-24T14:56:15","guid":{"rendered":"https:\/\/zamalia-experience.com\/?post_type=product&#038;p=1459"},"modified":"2025-05-14T15:37:51","modified_gmt":"2025-05-14T13:37:51","slug":"extrait-de-mulungu-10ml","status":"publish","type":"product","link":"https:\/\/zamalia-experience.com\/fr\/boutique\/extraits-de-plantes\/extrait-de-mulungu-10ml\/","title":{"rendered":"Extrait de Mulungu 10ml"},"content":{"rendered":"","protected":false},"excerpt":{"rendered":"<p>Mulungu : Un don de M\u00e8re Nature<\/p>\n<p>Notre teinture de mulungu offre les puissantes propri\u00e9t\u00e9s de l&rsquo;arbre Erythrina mulungu sous une forme liquide concentr\u00e9e. Originaire des r\u00e9gions tropicales d&rsquo;Am\u00e9rique du Sud, cet arbre a des usages traditionnels et est appr\u00e9ci\u00e9 depuis des si\u00e8cles par les communaut\u00e9s indig\u00e8nes qui croient en ses propri\u00e9t\u00e9s apaisantes et relaxantes.<\/p>\n<p>La teinture Mulungu est soigneusement \u00e9labor\u00e9e \u00e0 partir de l&rsquo;\u00e9corce de l&rsquo;arbre Mulungu, dont elle concentre les principes actifs pour garantir la puissance de ce compl\u00e9ment naturel. Le r\u00e9sultat est une teinture qui peut facilement \u00eatre incorpor\u00e9e dans votre routine quotidienne. Ce puissant suppl\u00e9ment a \u00e9t\u00e9 cr\u00e9\u00e9 sans l&rsquo;utilisation d&rsquo;ingr\u00e9dients synth\u00e9tiques ou artificiels.<\/p>\n<p>Faites l&rsquo;exp\u00e9rience de la puissance d&rsquo;une connexion profonde avec la nature en ajoutant notre Mulungu \u00e0 l&rsquo;eau, au th\u00e9 ou \u00e0 votre boisson pr\u00e9f\u00e9r\u00e9e. Ajoutez ce puissant suppl\u00e9ment \u00e0 votre routine quotidienne et profitez de l&rsquo;harmonie et de la s\u00e9r\u00e9nit\u00e9 que Mulungu peut vous apporter.<\/p>\n","protected":false},"featured_media":1435,"comment_status":"closed","ping_status":"closed","template":"","meta":{"inline_featured_image":false,"_kad_blocks_custom_css":"","_kad_blocks_head_custom_js":"","_kad_blocks_body_custom_js":"","_kad_blocks_footer_custom_js":"","_price":"34.95","_stock":null,"_tribe_ticket_header":"","_tribe_default_ticket_provider":"","_tribe_ticket_capacity":"0","_ticket_start_date":"","_ticket_end_date":"","_tribe_ticket_show_description":"","_tribe_ticket_show_not_going":false,"_tribe_ticket_use_global_stock":"","_tribe_ticket_global_stock_level":"","_global_stock_mode":"","_global_stock_cap":"","_tribe_rsvp_for_event":"","_tribe_ticket_going_count":"","_tribe_ticket_not_going_count":"","_tribe_tickets_list":"[]","_tribe_ticket_has_attendee_info_fields":false,"_kad_post_transparent":"default","_kad_post_title":"","_kad_post_layout":"default","_kad_post_sidebar_id":"","_kad_post_content_style":"default","_kad_post_vertical_padding":"default","_kad_post_feature":"","_kad_post_feature_position":"","_kad_post_header":false,"_kad_post_footer":false,"_kad_post_classname":""},"product_brand":[],"product_cat":[93],"product_tag":[],"class_list":{"0":"post-1459","1":"product","2":"type-product","3":"status-publish","4":"has-post-thumbnail","6":"product_cat-extraits-de-plantes","8":"first","9":"outofstock","10":"taxable","11":"shipping-taxable","12":"purchasable","13":"product-type-simple","14":"entry","15":"content-bg","16":"loop-entry"},"taxonomy_info":{"product_cat":[{"value":93,"label":"Extraits de plantes"}]},"featured_image_src_large":["https:\/\/zamalia-experience.com\/wp-content\/uploads\/mulunguextract-10ml.webp",500,500,false],"author_info":[],"comment_info":0,"_links":{"self":[{"href":"https:\/\/zamalia-experience.com\/fr\/wp-json\/wp\/v2\/product\/1459","targetHints":{"allow":["GET"]}}],"collection":[{"href":"https:\/\/zamalia-experience.com\/fr\/wp-json\/wp\/v2\/product"}],"about":[{"href":"https:\/\/zamalia-experience.com\/fr\/wp-json\/wp\/v2\/types\/product"}],"replies":[{"embeddable":true,"href":"https:\/\/zamalia-experience.com\/fr\/wp-json\/wp\/v2\/comments?post=1459"}],"wp:featuredmedia":[{"embeddable":true,"href":"https:\/\/zamalia-experience.com\/fr\/wp-json\/wp\/v2\/media\/1435"}],"wp:attachment":[{"href":"https:\/\/zamalia-experience.com\/fr\/wp-json\/wp\/v2\/media?parent=1459"}],"wp:term":[{"taxonomy":"product_brand","embeddable":true,"href":"https:\/\/zamalia-experience.com\/fr\/wp-json\/wp\/v2\/product_brand?post=1459"},{"taxonomy":"product_cat","embeddable":true,"href":"https:\/\/zamalia-experience.com\/fr\/wp-json\/wp\/v2\/product_cat?post=1459"},{"taxonomy":"product_tag","embeddable":true,"href":"https:\/\/zamalia-experience.com\/fr\/wp-json\/wp\/v2\/product_tag?post=1459"}],"curies":[{"name":"wp","href":"https:\/\/api.w.org\/{rel}","templated":true}]}}