{"id":1462,"date":"2024-04-24T16:56:14","date_gmt":"2024-04-24T14:56:14","guid":{"rendered":"https:\/\/zamalia-experience.com\/?post_type=product&#038;p=1462"},"modified":"2024-04-25T09:03:39","modified_gmt":"2024-04-25T09:03:39","slug":"cola-nut-50-grammes","status":"publish","type":"product","link":"https:\/\/zamalia-experience.com\/fr\/boutique\/extraits-de-plantes\/cola-nut-50-grammes\/","title":{"rendered":"Cola Nut &#8211; 50 grammes"},"content":{"rendered":"","protected":false},"excerpt":{"rendered":"<p>La noix de cola est extraite de la graine de la plante Cola Nitida, apparent\u00e9e au cacao. Elle peut atteindre une hauteur d&rsquo;environ 20 m\u00e8tres et se trouve principalement dans diverses jungles tropicales d&rsquo;Afrique. Les graines contiennent naturellement de la caf\u00e9ine et fournissent une bonne dose d&rsquo;\u00e9nergie. Elles suppriment la sensation de fatigue et donnent au cerveau le coup de fouet dont il a besoin. La noix de cola peut \u00e9galement procurer une l\u00e9g\u00e8re sensation d&rsquo;euphorie et am\u00e9liorer l&rsquo;endurance et la concentration.<\/p>\n<p>Gr\u00e2ce \u00e0 ses propri\u00e9t\u00e9s stimulantes, la noix de cola peut am\u00e9liorer le m\u00e9tabolisme, couper la faim et favoriser la digestion. La perte de poids peut ainsi \u00eatre un peu plus facile que d&rsquo;habitude.<\/p>\n<p>Le nom de cette plante vous est peut-\u00eatre d\u00e9j\u00e0 familier, et ce n&rsquo;est pas tout \u00e0 fait un hasard. La noix de cola a \u00e9t\u00e9 pendant de nombreuses ann\u00e9es l&rsquo;ingr\u00e9dient le plus important de la c\u00e9l\u00e8bre boisson gazeuse Coca-Cola !<\/p>\n","protected":false},"featured_media":1396,"comment_status":"closed","ping_status":"closed","template":"","meta":{"inline_featured_image":false,"_kad_blocks_custom_css":"","_kad_blocks_head_custom_js":"","_kad_blocks_body_custom_js":"","_kad_blocks_footer_custom_js":"","_price":"9.95","_stock":null,"_tribe_ticket_header":"","_tribe_default_ticket_provider":"","_tribe_ticket_capacity":"0","_ticket_start_date":"","_ticket_end_date":"","_tribe_ticket_show_description":"","_tribe_ticket_show_not_going":false,"_tribe_ticket_use_global_stock":"","_tribe_ticket_global_stock_level":"","_global_stock_mode":"","_global_stock_cap":"","_tribe_rsvp_for_event":"","_tribe_ticket_going_count":"","_tribe_ticket_not_going_count":"","_tribe_tickets_list":"[]","_tribe_ticket_has_attendee_info_fields":false,"_kad_post_transparent":"default","_kad_post_title":"","_kad_post_layout":"default","_kad_post_sidebar_id":"","_kad_post_content_style":"default","_kad_post_vertical_padding":"default","_kad_post_feature":"","_kad_post_feature_position":"","_kad_post_header":false,"_kad_post_footer":false,"_kad_post_classname":""},"product_brand":[],"product_cat":[93],"product_tag":[],"class_list":{"0":"post-1462","1":"product","2":"type-product","3":"status-publish","4":"has-post-thumbnail","6":"product_cat-extraits-de-plantes","8":"first","9":"outofstock","10":"taxable","11":"shipping-taxable","12":"purchasable","13":"product-type-simple","14":"entry","15":"content-bg","16":"loop-entry"},"taxonomy_info":{"product_cat":[{"value":93,"label":"Extraits de plantes"}]},"featured_image_src_large":["https:\/\/zamalia-experience.com\/wp-content\/uploads\/Cola_Nut_-_50_gram.webp",473,528,false],"author_info":[],"comment_info":0,"_links":{"self":[{"href":"https:\/\/zamalia-experience.com\/fr\/wp-json\/wp\/v2\/product\/1462","targetHints":{"allow":["GET"]}}],"collection":[{"href":"https:\/\/zamalia-experience.com\/fr\/wp-json\/wp\/v2\/product"}],"about":[{"href":"https:\/\/zamalia-experience.com\/fr\/wp-json\/wp\/v2\/types\/product"}],"replies":[{"embeddable":true,"href":"https:\/\/zamalia-experience.com\/fr\/wp-json\/wp\/v2\/comments?post=1462"}],"wp:featuredmedia":[{"embeddable":true,"href":"https:\/\/zamalia-experience.com\/fr\/wp-json\/wp\/v2\/media\/1396"}],"wp:attachment":[{"href":"https:\/\/zamalia-experience.com\/fr\/wp-json\/wp\/v2\/media?parent=1462"}],"wp:term":[{"taxonomy":"product_brand","embeddable":true,"href":"https:\/\/zamalia-experience.com\/fr\/wp-json\/wp\/v2\/product_brand?post=1462"},{"taxonomy":"product_cat","embeddable":true,"href":"https:\/\/zamalia-experience.com\/fr\/wp-json\/wp\/v2\/product_cat?post=1462"},{"taxonomy":"product_tag","embeddable":true,"href":"https:\/\/zamalia-experience.com\/fr\/wp-json\/wp\/v2\/product_tag?post=1462"}],"curies":[{"name":"wp","href":"https:\/\/api.w.org\/{rel}","templated":true}]}}