{"id":1466,"date":"2024-04-24T16:56:00","date_gmt":"2024-04-24T14:56:00","guid":{"rendered":"https:\/\/zamalia-experience.com\/?post_type=product&#038;p=1466"},"modified":"2024-04-25T13:20:17","modified_gmt":"2024-04-25T13:20:17","slug":"absinth-50-grammes","status":"publish","type":"product","link":"https:\/\/zamalia-experience.com\/fr\/boutique\/extraits-de-plantes\/absinth-50-grammes\/","title":{"rendered":"Absinth &#8211; 50 grammes"},"content":{"rendered":"","protected":false},"excerpt":{"rendered":"<p>L&rsquo;absinthe (Artemisia Absinthium), \u00e9galement connue sous le nom de Wormwood, a acquis un statut presque mythique au cours des si\u00e8cles. Nous connaissons principalement cette plante gr\u00e2ce \u00e0 la fameuse boisson alcoolis\u00e9e Absinthe, qui \u00e9tait populaire aupr\u00e8s de plusieurs peintres c\u00e9l\u00e8bres, mais elle est encore utilis\u00e9e aujourd&rsquo;hui de bien d&rsquo;autres mani\u00e8res pour ses propri\u00e9t\u00e9s uniques. Pr\u00e9sente dans une grande partie de l&rsquo;Europe, l&rsquo;absinthe peut atteindre une taille d&rsquo;environ 60 \u00e0 120 cm et se reconna\u00eet \u00e0 ses feuilles gris\u00e2tres. Lors de la floraison, des fleurs jaunes apparaissent.<\/p>\n<p>Depuis des si\u00e8cles, diverses propri\u00e9t\u00e9s sont attribu\u00e9es \u00e0 l&rsquo;absinthe. Dans l&rsquo;Antiquit\u00e9 classique, on pensait d\u00e9j\u00e0 que la plante pouvait \u00eatre utilis\u00e9e comme rem\u00e8de g\u00e9n\u00e9ral pour am\u00e9liorer la sant\u00e9. Les Romains et les p\u00e8lerins mettaient \u00e9galement l&rsquo;herbe dans leurs chaussures pendant les longs voyages pour pr\u00e9venir les douleurs et les infections des pieds. Dans l&rsquo;histoire moderne, nous connaissons surtout l&rsquo;absinthe comme ingr\u00e9dient des boissons alcoolis\u00e9es et des histoires qui les accompagnent.<\/p>\n<p>L&rsquo;absinthe peut avoir un effet positif sur la digestion, stimuler l&rsquo;app\u00e9tit et, d&rsquo;une mani\u00e8re g\u00e9n\u00e9rale, avoir un effet positif sur le transit intestinal. Gr\u00e2ce \u00e0 son effet apaisant, cette plante est \u00e9galement utilis\u00e9e pour se d\u00e9tendre.<\/p>\n","protected":false},"featured_media":1350,"comment_status":"closed","ping_status":"closed","template":"","meta":{"inline_featured_image":false,"_kad_blocks_custom_css":"","_kad_blocks_head_custom_js":"","_kad_blocks_body_custom_js":"","_kad_blocks_footer_custom_js":"","_price":"9.95","_stock":null,"_tribe_ticket_header":"","_tribe_default_ticket_provider":"","_tribe_ticket_capacity":"0","_ticket_start_date":"","_ticket_end_date":"","_tribe_ticket_show_description":"","_tribe_ticket_show_not_going":false,"_tribe_ticket_use_global_stock":"","_tribe_ticket_global_stock_level":"","_global_stock_mode":"","_global_stock_cap":"","_tribe_rsvp_for_event":"","_tribe_ticket_going_count":"","_tribe_ticket_not_going_count":"","_tribe_tickets_list":"[]","_tribe_ticket_has_attendee_info_fields":false,"_kad_post_transparent":"default","_kad_post_title":"","_kad_post_layout":"default","_kad_post_sidebar_id":"","_kad_post_content_style":"default","_kad_post_vertical_padding":"default","_kad_post_feature":"","_kad_post_feature_position":"","_kad_post_header":false,"_kad_post_footer":false,"_kad_post_classname":""},"product_brand":[],"product_cat":[93],"product_tag":[],"class_list":{"0":"post-1466","1":"product","2":"type-product","3":"status-publish","4":"has-post-thumbnail","6":"product_cat-extraits-de-plantes","8":"first","9":"outofstock","10":"taxable","11":"shipping-taxable","12":"purchasable","13":"product-type-simple","14":"entry","15":"content-bg","16":"loop-entry"},"taxonomy_info":{"product_cat":[{"value":93,"label":"Extraits de plantes"}]},"featured_image_src_large":["https:\/\/zamalia-experience.com\/wp-content\/uploads\/Absinth_-_50_gram.webp",500,500,false],"author_info":[],"comment_info":0,"_links":{"self":[{"href":"https:\/\/zamalia-experience.com\/fr\/wp-json\/wp\/v2\/product\/1466","targetHints":{"allow":["GET"]}}],"collection":[{"href":"https:\/\/zamalia-experience.com\/fr\/wp-json\/wp\/v2\/product"}],"about":[{"href":"https:\/\/zamalia-experience.com\/fr\/wp-json\/wp\/v2\/types\/product"}],"replies":[{"embeddable":true,"href":"https:\/\/zamalia-experience.com\/fr\/wp-json\/wp\/v2\/comments?post=1466"}],"wp:featuredmedia":[{"embeddable":true,"href":"https:\/\/zamalia-experience.com\/fr\/wp-json\/wp\/v2\/media\/1350"}],"wp:attachment":[{"href":"https:\/\/zamalia-experience.com\/fr\/wp-json\/wp\/v2\/media?parent=1466"}],"wp:term":[{"taxonomy":"product_brand","embeddable":true,"href":"https:\/\/zamalia-experience.com\/fr\/wp-json\/wp\/v2\/product_brand?post=1466"},{"taxonomy":"product_cat","embeddable":true,"href":"https:\/\/zamalia-experience.com\/fr\/wp-json\/wp\/v2\/product_cat?post=1466"},{"taxonomy":"product_tag","embeddable":true,"href":"https:\/\/zamalia-experience.com\/fr\/wp-json\/wp\/v2\/product_tag?post=1466"}],"curies":[{"name":"wp","href":"https:\/\/api.w.org\/{rel}","templated":true}]}}