{"id":1493,"date":"2024-04-24T16:56:38","date_gmt":"2024-04-24T14:56:38","guid":{"rendered":"https:\/\/zamalia-experience.com\/?post_type=product&#038;p=1493"},"modified":"2024-06-18T07:55:30","modified_gmt":"2024-06-18T07:55:30","slug":"friandises-pour-chiens-au-cbd-5mg-90pc","status":"publish","type":"product","link":"https:\/\/zamalia-experience.com\/fr\/boutique\/extrait-de-cannabis\/friandises-pour-chiens-au-cbd-5mg-90pc\/","title":{"rendered":"Friandises pour chiens au CBD 5mg \u2013 90pc"},"content":{"rendered":"","protected":false},"excerpt":{"rendered":"<p>Les propri\u00e9taires de chiens seront positivement surpris par les propri\u00e9t\u00e9s de nos friandises pour chiens de haute qualit\u00e9 enrichies en CBD.<\/p>\n<p>Qu\u2019il s\u2019agisse de r\u00e9duire les allergies ou d\u2019aider \u00e0 soulager l\u2019anxi\u00e9t\u00e9 et la douleur, nos friandises pour chiens au CBD de qualit\u00e9 sup\u00e9rieure sont sp\u00e9cialement formul\u00e9es pour offrir \u00e0 votre ami \u00e0 quatre pattes l\u2019ultime boost de bien-\u00eatre et am\u00e9liorer sa qualit\u00e9 de vie !<\/p>\n<p>Disponibles en deux variantes, nos friandises sont pr\u00e9sent\u00e9es dans un paquet pratique de 90 pi\u00e8ces infus\u00e9es de 5 mg de CBD chacune ou de 60 pi\u00e8ces contenant 10 mg de CBD pour un dosage sur mesure. Fabriqu\u00e9es avec des ingr\u00e9dients de haute qualit\u00e9 et de l\u2019extrait de CBD sans THC, ces friandises offrent une solution naturelle pour soutenir la sant\u00e9 globale de votre animal et favoriser la relaxation tout en \u00e9tant un ajout de bon go\u00fbt \u00e0 l\u2019alimentation quotidienne de votre chien. Offrez \u00e0 votre compagnon canin les bienfaits du CBD et regardez-le s\u2019\u00e9panouir \u00e0 chaque bouch\u00e9e !  <\/p>\n","protected":false},"featured_media":1504,"comment_status":"closed","ping_status":"closed","template":"","meta":{"inline_featured_image":false,"_kad_blocks_custom_css":"","_kad_blocks_head_custom_js":"","_kad_blocks_body_custom_js":"","_kad_blocks_footer_custom_js":"","_price":"24.95","_stock":null,"_tribe_ticket_header":"","_tribe_default_ticket_provider":"","_tribe_ticket_capacity":"1","_ticket_start_date":"","_ticket_end_date":"","_tribe_ticket_show_description":"","_tribe_ticket_show_not_going":false,"_tribe_ticket_use_global_stock":"","_tribe_ticket_global_stock_level":"","_global_stock_mode":"","_global_stock_cap":"","_tribe_rsvp_for_event":"","_tribe_ticket_going_count":"","_tribe_ticket_not_going_count":"","_tribe_tickets_list":"[]","_tribe_ticket_has_attendee_info_fields":false,"_kad_post_transparent":"default","_kad_post_title":"","_kad_post_layout":"default","_kad_post_sidebar_id":"","_kad_post_content_style":"default","_kad_post_vertical_padding":"default","_kad_post_feature":"","_kad_post_feature_position":"","_kad_post_header":false,"_kad_post_footer":false,"_kad_post_classname":""},"product_brand":[],"product_cat":[63],"product_tag":[132],"class_list":{"0":"post-1493","1":"product","2":"type-product","3":"status-publish","4":"has-post-thumbnail","6":"product_cat-extrait-de-cannabis","7":"product_tag-cbd-pour-animaux","9":"first","10":"instock","11":"sale","12":"taxable","13":"shipping-taxable","14":"purchasable","15":"product-type-simple","16":"entry","17":"content-bg","18":"loop-entry"},"taxonomy_info":{"product_cat":[{"value":63,"label":"Extrait de cannabis"}],"product_tag":[{"value":132,"label":"CBD pour Animaux"}]},"featured_image_src_large":["https:\/\/zamalia-experience.com\/wp-content\/uploads\/Dog-Treats-5mg-90pc-1.webp",800,800,false],"author_info":[],"comment_info":0,"_links":{"self":[{"href":"https:\/\/zamalia-experience.com\/fr\/wp-json\/wp\/v2\/product\/1493","targetHints":{"allow":["GET"]}}],"collection":[{"href":"https:\/\/zamalia-experience.com\/fr\/wp-json\/wp\/v2\/product"}],"about":[{"href":"https:\/\/zamalia-experience.com\/fr\/wp-json\/wp\/v2\/types\/product"}],"replies":[{"embeddable":true,"href":"https:\/\/zamalia-experience.com\/fr\/wp-json\/wp\/v2\/comments?post=1493"}],"wp:featuredmedia":[{"embeddable":true,"href":"https:\/\/zamalia-experience.com\/fr\/wp-json\/wp\/v2\/media\/1504"}],"wp:attachment":[{"href":"https:\/\/zamalia-experience.com\/fr\/wp-json\/wp\/v2\/media?parent=1493"}],"wp:term":[{"taxonomy":"product_brand","embeddable":true,"href":"https:\/\/zamalia-experience.com\/fr\/wp-json\/wp\/v2\/product_brand?post=1493"},{"taxonomy":"product_cat","embeddable":true,"href":"https:\/\/zamalia-experience.com\/fr\/wp-json\/wp\/v2\/product_cat?post=1493"},{"taxonomy":"product_tag","embeddable":true,"href":"https:\/\/zamalia-experience.com\/fr\/wp-json\/wp\/v2\/product_tag?post=1493"}],"curies":[{"name":"wp","href":"https:\/\/api.w.org\/{rel}","templated":true}]}}