{"id":1454,"date":"2024-04-24T16:56:14","date_gmt":"2024-04-24T14:56:14","guid":{"rendered":"https:\/\/zamalia-experience.com\/?post_type=product&#038;p=1454"},"modified":"2024-04-25T14:03:34","modified_gmt":"2024-04-25T14:03:34","slug":"guarana-50-gram","status":"publish","type":"product","link":"https:\/\/zamalia-experience.com\/nl\/winkel\/plantaardige-extracten\/guarana-50-gram\/","title":{"rendered":"Guarana &#8211; 50 gram"},"content":{"rendered":"","protected":false},"excerpt":{"rendered":"<p>Guarana (Paullinia Cupana) is een groene klimplant die voorkomt in het Amazonegebied, vooral in Brazili\u00eb. De roodbruine bessen en zaden van deze plant worden al eeuwenlang gebruikt door inheemse stammen voor de jacht of in de strijd met andere stammen. Voor sommige stammen is de plant zelfs zo belangrijk dat het een cruciaal onderdeel van hun bestaan en cultuur is geworden. Naast een symbolische waarde heeft de plant ook stimulerende eigenschappen door het hoge cafe\u00efnegehalte van de plant.<\/p>\n<p>Guarana bevat 4-6 keer meer cafe\u00efne dan de bekendste cafe\u00efnebom: koffie. Toch zijn de effecten niet precies hetzelfde: waar koffie zorgt voor een snelle hoge cafe\u00efnepiek, wordt de stof bij Guarana geleidelijker opgenomen. Dit betekent dat de effecten langer merkbaar blijven en er minder snel een dip optreedt, wat zorgt voor meer energie en een betere focus, en betere prestaties in sport, studie of werk bevordert. Guarana is ook een populair product ter ondersteuning van een dieet, omdat het boordevol gezonde antioxidanten zit en een milde eetlustremmer heeft.<\/p>\n","protected":false},"featured_media":1410,"comment_status":"closed","ping_status":"closed","template":"","meta":{"inline_featured_image":false,"_kad_blocks_custom_css":"","_kad_blocks_head_custom_js":"","_kad_blocks_body_custom_js":"","_kad_blocks_footer_custom_js":"","_price":"9.95","_stock":null,"_tribe_ticket_header":"","_tribe_default_ticket_provider":"","_tribe_ticket_capacity":"0","_ticket_start_date":"","_ticket_end_date":"","_tribe_ticket_show_description":"","_tribe_ticket_show_not_going":false,"_tribe_ticket_use_global_stock":"","_tribe_ticket_global_stock_level":"","_global_stock_mode":"","_global_stock_cap":"","_tribe_rsvp_for_event":"","_tribe_ticket_going_count":"","_tribe_ticket_not_going_count":"","_tribe_tickets_list":"[]","_tribe_ticket_has_attendee_info_fields":false,"_kad_post_transparent":"default","_kad_post_title":"","_kad_post_layout":"default","_kad_post_sidebar_id":"","_kad_post_content_style":"default","_kad_post_vertical_padding":"default","_kad_post_feature":"","_kad_post_feature_position":"","_kad_post_header":false,"_kad_post_footer":false,"_kad_post_classname":""},"product_brand":[],"product_cat":[92],"product_tag":[],"class_list":{"0":"post-1454","1":"product","2":"type-product","3":"status-publish","4":"has-post-thumbnail","6":"product_cat-plantaardige-extracten","8":"first","9":"outofstock","10":"taxable","11":"shipping-taxable","12":"purchasable","13":"product-type-simple","14":"entry","15":"content-bg","16":"loop-entry"},"taxonomy_info":{"product_cat":[{"value":92,"label":"Plantaardige extracten"}]},"featured_image_src_large":["https:\/\/zamalia-experience.com\/wp-content\/uploads\/Guarana_-_50_gram.webp",500,500,false],"author_info":[],"comment_info":0,"_links":{"self":[{"href":"https:\/\/zamalia-experience.com\/nl\/wp-json\/wp\/v2\/product\/1454","targetHints":{"allow":["GET"]}}],"collection":[{"href":"https:\/\/zamalia-experience.com\/nl\/wp-json\/wp\/v2\/product"}],"about":[{"href":"https:\/\/zamalia-experience.com\/nl\/wp-json\/wp\/v2\/types\/product"}],"replies":[{"embeddable":true,"href":"https:\/\/zamalia-experience.com\/nl\/wp-json\/wp\/v2\/comments?post=1454"}],"wp:featuredmedia":[{"embeddable":true,"href":"https:\/\/zamalia-experience.com\/nl\/wp-json\/wp\/v2\/media\/1410"}],"wp:attachment":[{"href":"https:\/\/zamalia-experience.com\/nl\/wp-json\/wp\/v2\/media?parent=1454"}],"wp:term":[{"taxonomy":"product_brand","embeddable":true,"href":"https:\/\/zamalia-experience.com\/nl\/wp-json\/wp\/v2\/product_brand?post=1454"},{"taxonomy":"product_cat","embeddable":true,"href":"https:\/\/zamalia-experience.com\/nl\/wp-json\/wp\/v2\/product_cat?post=1454"},{"taxonomy":"product_tag","embeddable":true,"href":"https:\/\/zamalia-experience.com\/nl\/wp-json\/wp\/v2\/product_tag?post=1454"}],"curies":[{"name":"wp","href":"https:\/\/api.w.org\/{rel}","templated":true}]}}